{"id":32814,"date":"2024-07-18T10:57:18","date_gmt":"2024-07-18T14:57:18","guid":{"rendered":"https:\/\/www.galerie-scrapbooking.com\/?post_type=product&#038;p=32814"},"modified":"2024-08-29T08:42:15","modified_gmt":"2024-08-29T12:42:15","slug":"echo-park-die-activites-en-camping","status":"publish","type":"product","link":"https:\/\/www.galerie-scrapbooking.com\/en\/produit\/echo-park-die-activites-en-camping\/","title":{"rendered":"Echo Park Die Activit\u00e9s en camping"},"content":{"rendered":"<p>Asseyez-vous pr\u00e8s du feu et partagez vos histoires avec cette NOUVELLE collection!<\/p>\n<p>Les matrices Designer d&#8217;Echo Park Paper Co. sont con\u00e7ues pour couper du papier, du papier cartonn\u00e9 et d&#8217;autres mat\u00e9riaux fins.<\/p>\n<p>Nos matrices sont compatibles avec la plupart des machines de d\u00e9coupe manuelles et sont parfaites pour n&#8217;importe quelle carte, artisanat ou projet !<\/p>\n<p>L&#8217;homme p\u00eacheur mesure 2.0&#8243;x1,9&#8243;.<\/p>\n<p>L&#8217;homme de randonn\u00e9e mesure 0,75&#8243;x1,3&#8243;.<\/p>\n<p>L&#8217;homme au feu de camp mesure 1,4&#8243;x 0,9&#8243;.<\/p>\n","protected":false},"excerpt":{"rendered":"<p>Echo Park Dies &#8211; Camping Activities, Into The Wild<\/p>\n","protected":false},"featured_media":32815,"template":"","meta":{"_acf_changed":false},"product_brand":[],"product_cat":[323,252],"product_tag":[],"class_list":{"0":"post-32814","1":"product","2":"type-product","3":"status-publish","4":"has-post-thumbnail","6":"product_cat-echo-park-die","7":"product_cat-herazz-nouveautes","8":"pa_brand_nc-echo-park-paper","10":"first","11":"instock","12":"taxable","13":"shipping-taxable","14":"purchasable","15":"product-type-simple"},"acf":[],"aioseo_notices":[],"_links":{"self":[{"href":"https:\/\/www.galerie-scrapbooking.com\/en\/wp-json\/wp\/v2\/product\/32814","targetHints":{"allow":["GET"]}}],"collection":[{"href":"https:\/\/www.galerie-scrapbooking.com\/en\/wp-json\/wp\/v2\/product"}],"about":[{"href":"https:\/\/www.galerie-scrapbooking.com\/en\/wp-json\/wp\/v2\/types\/product"}],"wp:featuredmedia":[{"embeddable":true,"href":"https:\/\/www.galerie-scrapbooking.com\/en\/wp-json\/wp\/v2\/media\/32815"}],"wp:attachment":[{"href":"https:\/\/www.galerie-scrapbooking.com\/en\/wp-json\/wp\/v2\/media?parent=32814"}],"wp:term":[{"taxonomy":"product_brand","embeddable":true,"href":"https:\/\/www.galerie-scrapbooking.com\/en\/wp-json\/wp\/v2\/product_brand?post=32814"},{"taxonomy":"product_cat","embeddable":true,"href":"https:\/\/www.galerie-scrapbooking.com\/en\/wp-json\/wp\/v2\/product_cat?post=32814"},{"taxonomy":"product_tag","embeddable":true,"href":"https:\/\/www.galerie-scrapbooking.com\/en\/wp-json\/wp\/v2\/product_tag?post=32814"}],"curies":[{"name":"wp","href":"https:\/\/api.w.org\/{rel}","templated":true}]}}