{"id":32811,"date":"2024-07-18T10:57:18","date_gmt":"2024-07-18T14:57:18","guid":{"rendered":"https:\/\/www.galerie-scrapbooking.com\/?post_type=product&#038;p=32811"},"modified":"2026-04-30T20:07:19","modified_gmt":"2026-05-01T00:07:19","slug":"ek-success-petits-ciseaux-de-precision-menthe","status":"publish","type":"product","link":"https:\/\/www.galerie-scrapbooking.com\/en\/produit\/ek-success-petits-ciseaux-de-precision-menthe\/","title":{"rendered":"EK Success Petits Ciseaux de Pr\u00e9cision Menthe"},"content":{"rendered":"<h1>EK Success Petits Ciseaux de Pr\u00e9cision Menthe<\/h1>\n<p>Les ciseaux sont dot\u00e9s d&#8217;une poign\u00e9e confortable qui les rend parfaits pour une utilisation sur tous vos projets d&#8217;artisanat !<\/p>\n<p>Ils ont des lames antiadh\u00e9sives et peuvent \u00eatre utilis\u00e9s aussi bien par les droitiers que par les gauchers.<\/p>\n<p>Ce paquet contient de petits ciseaux de pr\u00e9cision et un \u00e9tui.<\/p>\n","protected":false},"excerpt":{"rendered":"<p>EK Success Small Precision Scissors Mint<\/p>\n","protected":false},"featured_media":32812,"template":"","meta":{"_acf_changed":false},"product_brand":[],"product_cat":[252,131,389],"product_tag":[],"class_list":{"0":"post-32811","1":"product","2":"type-product","3":"status-publish","4":"has-post-thumbnail","6":"product_cat-herazz-nouveautes","7":"product_cat-outils-de-coupe-scrapbooking","8":"product_cat-outil-ek-success","9":"pa_brand_nc-ek-success","11":"first","12":"instock","13":"taxable","14":"shipping-taxable","15":"purchasable","16":"product-type-simple"},"acf":[],"aioseo_notices":[],"_links":{"self":[{"href":"https:\/\/www.galerie-scrapbooking.com\/en\/wp-json\/wp\/v2\/product\/32811","targetHints":{"allow":["GET"]}}],"collection":[{"href":"https:\/\/www.galerie-scrapbooking.com\/en\/wp-json\/wp\/v2\/product"}],"about":[{"href":"https:\/\/www.galerie-scrapbooking.com\/en\/wp-json\/wp\/v2\/types\/product"}],"wp:featuredmedia":[{"embeddable":true,"href":"https:\/\/www.galerie-scrapbooking.com\/en\/wp-json\/wp\/v2\/media\/32812"}],"wp:attachment":[{"href":"https:\/\/www.galerie-scrapbooking.com\/en\/wp-json\/wp\/v2\/media?parent=32811"}],"wp:term":[{"taxonomy":"product_brand","embeddable":true,"href":"https:\/\/www.galerie-scrapbooking.com\/en\/wp-json\/wp\/v2\/product_brand?post=32811"},{"taxonomy":"product_cat","embeddable":true,"href":"https:\/\/www.galerie-scrapbooking.com\/en\/wp-json\/wp\/v2\/product_cat?post=32811"},{"taxonomy":"product_tag","embeddable":true,"href":"https:\/\/www.galerie-scrapbooking.com\/en\/wp-json\/wp\/v2\/product_tag?post=32811"}],"curies":[{"name":"wp","href":"https:\/\/api.w.org\/{rel}","templated":true}]}}