{"id":32805,"date":"2024-07-18T10:57:18","date_gmt":"2024-07-18T14:57:18","guid":{"rendered":"https:\/\/www.galerie-scrapbooking.com\/?post_type=product&#038;p=32805"},"modified":"2026-04-14T00:10:57","modified_gmt":"2026-04-14T04:10:57","slug":"find-it-trading-3d-images-belles-voitures-beaux-lilas","status":"publish","type":"product","link":"https:\/\/www.galerie-scrapbooking.com\/en\/produit\/find-it-trading-3d-images-belles-voitures-beaux-lilas\/","title":{"rendered":"Find It Trading 3D Images Belles voitures, Beaux lilas"},"content":{"rendered":"<p>Les feuilles \u00e0 pousser Find It Trading sont le compl\u00e9ment parfait \u00e0 vos projets de cr\u00e9ation en papier !<\/p>\n<p>Une fantastique feuille de d\u00e9coupage d\u00e9coup\u00e9e avec trois images 3D. Les images peuvent \u00eatre retir\u00e9es de la feuille, donc pas besoin de ciseaux.<\/p>\n<p>Particuli\u00e8rement pratique pour ceux qui ont du mal \u00e0 d\u00e9couper les d\u00e9tails les plus fins.<\/p>\n<p>Dimensions approximatives: 8.25&#8243; X 11.75&#8243;<\/p>\n","protected":false},"excerpt":{"rendered":"<p>Find It Trading Punchout Sheet &#8211; Lovely Cars, Lovely Lilacs<\/p>\n","protected":false},"featured_media":32806,"template":"","meta":{"_acf_changed":false},"product_brand":[],"product_cat":[107,252],"product_tag":[],"class_list":{"0":"post-32805","1":"product","2":"type-product","3":"status-publish","4":"has-post-thumbnail","6":"product_cat-image-crafty-secrets","7":"product_cat-herazz-nouveautes","8":"pa_brand_nc-yvonne-creations","10":"first","11":"instock","12":"taxable","13":"shipping-taxable","14":"purchasable","15":"product-type-simple"},"acf":[],"aioseo_notices":[],"_links":{"self":[{"href":"https:\/\/www.galerie-scrapbooking.com\/en\/wp-json\/wp\/v2\/product\/32805","targetHints":{"allow":["GET"]}}],"collection":[{"href":"https:\/\/www.galerie-scrapbooking.com\/en\/wp-json\/wp\/v2\/product"}],"about":[{"href":"https:\/\/www.galerie-scrapbooking.com\/en\/wp-json\/wp\/v2\/types\/product"}],"wp:featuredmedia":[{"embeddable":true,"href":"https:\/\/www.galerie-scrapbooking.com\/en\/wp-json\/wp\/v2\/media\/32806"}],"wp:attachment":[{"href":"https:\/\/www.galerie-scrapbooking.com\/en\/wp-json\/wp\/v2\/media?parent=32805"}],"wp:term":[{"taxonomy":"product_brand","embeddable":true,"href":"https:\/\/www.galerie-scrapbooking.com\/en\/wp-json\/wp\/v2\/product_brand?post=32805"},{"taxonomy":"product_cat","embeddable":true,"href":"https:\/\/www.galerie-scrapbooking.com\/en\/wp-json\/wp\/v2\/product_cat?post=32805"},{"taxonomy":"product_tag","embeddable":true,"href":"https:\/\/www.galerie-scrapbooking.com\/en\/wp-json\/wp\/v2\/product_tag?post=32805"}],"curies":[{"name":"wp","href":"https:\/\/api.w.org\/{rel}","templated":true}]}}