{"id":32794,"date":"2024-07-18T10:57:18","date_gmt":"2024-07-18T14:57:18","guid":{"rendered":"https:\/\/www.galerie-scrapbooking.com\/?post_type=product&#038;p=32794"},"modified":"2024-08-29T08:42:09","modified_gmt":"2024-08-29T12:42:09","slug":"sizzix-plaque-embossage-3d-anneaux-dor","status":"publish","type":"product","link":"https:\/\/www.galerie-scrapbooking.com\/en\/produit\/sizzix-plaque-embossage-3d-anneaux-dor\/","title":{"rendered":"Sizzix Plaque embossage 3D Anneaux d&#8217;Or"},"content":{"rendered":"<p>Pr\u00e9sentation de la quintessence de l&#8217;\u00e9l\u00e9gance : le dossier de gaufrage Impressions textur\u00e9es 3D \u2013 Cosmopolitan, Anneaux d&#8217;or de Stacey Park.<\/p>\n<p>Ce dossier de gaufrage est votre ticket pour ajouter une touche de luxe et de sophistication \u00e0 vos cr\u00e9ations. Imprimez vos projets avec l&#8217;\u00e9clat des anneaux dor\u00e9s, que vous cr\u00e9iez des cartes exquises, des mises en page captivantes d&#8217;album ou une d\u00e9coration d&#8217;int\u00e9rieur chic.<\/p>\n<p>Fonctionnent avec la Switch, Cuttlebug, Big Shot, Vagabond, Platinum, Grand Calibur, Etc.<\/p>\n<p>Dimensions approximatives:<\/p>\n<p>6 1\/4&#8243; x 4 1\/4&#8243;<\/p>\n","protected":false},"excerpt":{"rendered":"<p>Sizzix 3-D Textured Embossing Folder &#8211; Golden Rings<\/p>\n","protected":false},"featured_media":32795,"template":"","meta":{"_acf_changed":false},"product_brand":[],"product_cat":[202,252,203],"product_tag":[],"class_list":{"0":"post-32794","1":"product","2":"type-product","3":"status-publish","4":"has-post-thumbnail","6":"product_cat-plaques-embossage","7":"product_cat-herazz-nouveautes","8":"product_cat-embossage-sizzix-timholtz","9":"pa_brand_nc-sizzix","11":"first","12":"instock","13":"taxable","14":"shipping-taxable","15":"purchasable","16":"product-type-simple"},"acf":[],"aioseo_notices":[],"_links":{"self":[{"href":"https:\/\/www.galerie-scrapbooking.com\/en\/wp-json\/wp\/v2\/product\/32794","targetHints":{"allow":["GET"]}}],"collection":[{"href":"https:\/\/www.galerie-scrapbooking.com\/en\/wp-json\/wp\/v2\/product"}],"about":[{"href":"https:\/\/www.galerie-scrapbooking.com\/en\/wp-json\/wp\/v2\/types\/product"}],"wp:featuredmedia":[{"embeddable":true,"href":"https:\/\/www.galerie-scrapbooking.com\/en\/wp-json\/wp\/v2\/media\/32795"}],"wp:attachment":[{"href":"https:\/\/www.galerie-scrapbooking.com\/en\/wp-json\/wp\/v2\/media?parent=32794"}],"wp:term":[{"taxonomy":"product_brand","embeddable":true,"href":"https:\/\/www.galerie-scrapbooking.com\/en\/wp-json\/wp\/v2\/product_brand?post=32794"},{"taxonomy":"product_cat","embeddable":true,"href":"https:\/\/www.galerie-scrapbooking.com\/en\/wp-json\/wp\/v2\/product_cat?post=32794"},{"taxonomy":"product_tag","embeddable":true,"href":"https:\/\/www.galerie-scrapbooking.com\/en\/wp-json\/wp\/v2\/product_tag?post=32794"}],"curies":[{"name":"wp","href":"https:\/\/api.w.org\/{rel}","templated":true}]}}