{"id":32789,"date":"2024-07-18T10:57:18","date_gmt":"2024-07-18T14:57:18","guid":{"rendered":"https:\/\/www.galerie-scrapbooking.com\/?post_type=product&#038;p=32789"},"modified":"2024-08-29T08:42:08","modified_gmt":"2024-08-29T12:42:08","slug":"sizzix-plaque-embossage-3d-brillance","status":"publish","type":"product","link":"https:\/\/www.galerie-scrapbooking.com\/en\/produit\/sizzix-plaque-embossage-3d-brillance\/","title":{"rendered":"Sizzix Plaque embossage 3D Brillance"},"content":{"rendered":"<p>La sophistication rencontre la cr\u00e9ativit\u00e9 dans chaque impression avec ce dossier de gaufrage Impressions textur\u00e9es 3D \u2013 Cosmopolitan, Shine Bright.<\/p>\n<p>Ce dossier de gaufrage apporte profondeur et dimension \u00e0 vos cr\u00e9ations comme jamais auparavant. Que vous cr\u00e9iez de superbes cartes faites \u00e0 la main, des mises en page captivantes pour un album ou des accents de d\u00e9coration int\u00e9rieure exquis, les possibilit\u00e9s sont infinies.<\/p>\n<p>Fonctionnent avec la Switch, Cuttlebug, Big Shot, Vagabond, Platinum, Grand Calibur, Etc.<\/p>\n<p>Dimensions approximatives:<\/p>\n<p>6 1\/4&#8243; x 4 1\/4&#8243;<\/p>\n","protected":false},"excerpt":{"rendered":"<p>Sizzix 3-D Textured Embossing Folder &#8211; Shine Bright<\/p>\n","protected":false},"featured_media":32790,"template":"","meta":{"_acf_changed":false},"product_brand":[],"product_cat":[202,252,203],"product_tag":[],"class_list":{"0":"post-32789","1":"product","2":"type-product","3":"status-publish","4":"has-post-thumbnail","6":"product_cat-plaques-embossage","7":"product_cat-herazz-nouveautes","8":"product_cat-embossage-sizzix-timholtz","9":"pa_brand_nc-sizzix","11":"first","12":"instock","13":"taxable","14":"shipping-taxable","15":"purchasable","16":"product-type-simple"},"acf":[],"aioseo_notices":[],"_links":{"self":[{"href":"https:\/\/www.galerie-scrapbooking.com\/en\/wp-json\/wp\/v2\/product\/32789","targetHints":{"allow":["GET"]}}],"collection":[{"href":"https:\/\/www.galerie-scrapbooking.com\/en\/wp-json\/wp\/v2\/product"}],"about":[{"href":"https:\/\/www.galerie-scrapbooking.com\/en\/wp-json\/wp\/v2\/types\/product"}],"wp:featuredmedia":[{"embeddable":true,"href":"https:\/\/www.galerie-scrapbooking.com\/en\/wp-json\/wp\/v2\/media\/32790"}],"wp:attachment":[{"href":"https:\/\/www.galerie-scrapbooking.com\/en\/wp-json\/wp\/v2\/media?parent=32789"}],"wp:term":[{"taxonomy":"product_brand","embeddable":true,"href":"https:\/\/www.galerie-scrapbooking.com\/en\/wp-json\/wp\/v2\/product_brand?post=32789"},{"taxonomy":"product_cat","embeddable":true,"href":"https:\/\/www.galerie-scrapbooking.com\/en\/wp-json\/wp\/v2\/product_cat?post=32789"},{"taxonomy":"product_tag","embeddable":true,"href":"https:\/\/www.galerie-scrapbooking.com\/en\/wp-json\/wp\/v2\/product_tag?post=32789"}],"curies":[{"name":"wp","href":"https:\/\/api.w.org\/{rel}","templated":true}]}}