{"id":32758,"date":"2024-07-18T10:57:19","date_gmt":"2024-07-18T14:57:19","guid":{"rendered":"https:\/\/www.galerie-scrapbooking.com\/?post_type=product&#038;p=32758"},"modified":"2026-03-12T10:20:58","modified_gmt":"2026-03-12T14:20:58","slug":"lavinia-etampe-fleur-divine-2","status":"publish","type":"product","link":"https:\/\/www.galerie-scrapbooking.com\/en\/produit\/lavinia-etampe-fleur-divine-2\/","title":{"rendered":"Lavinia \u00c9tampe Fleur divine 2"},"content":{"rendered":"<p>Une seule \u00e9tampe pr\u00e9sentant une illustration d\u2019une seule tige de fleur qui commence tout juste \u00e0 fleurir.<\/p>\n<p>Cette fleur exotique a des p\u00e9tales tachet\u00e9s enroul\u00e9s et une longue tige \u00e9pineuse. Le compagnon id\u00e9al pour les sc\u00e8nes avec Lumus et Twila.<\/p>\n<p>N\u00e9cessite l&#8217;utilisation d&#8217;un bloc acrylique.<\/p>\n<p>Dimension approximative:<\/p>\n<p>15.0 x 4.5 cm.<\/p>\n","protected":false},"excerpt":{"rendered":"<p>Lavinia Stamp &#8211; Flower Divine 2<\/p>\n","protected":false},"featured_media":32759,"template":"","meta":{"_acf_changed":false},"product_brand":[],"product_cat":[423,342,252],"product_tag":[],"class_list":{"0":"post-32758","1":"product","2":"type-product","3":"status-publish","4":"has-post-thumbnail","6":"product_cat-fleurs-feuillage","7":"product_cat-etampes-lavinia","8":"product_cat-herazz-nouveautes","9":"pa_brand_nc-lavinia","11":"first","12":"instock","13":"taxable","14":"shipping-taxable","15":"purchasable","16":"product-type-simple"},"acf":[],"aioseo_notices":[],"_links":{"self":[{"href":"https:\/\/www.galerie-scrapbooking.com\/en\/wp-json\/wp\/v2\/product\/32758","targetHints":{"allow":["GET"]}}],"collection":[{"href":"https:\/\/www.galerie-scrapbooking.com\/en\/wp-json\/wp\/v2\/product"}],"about":[{"href":"https:\/\/www.galerie-scrapbooking.com\/en\/wp-json\/wp\/v2\/types\/product"}],"wp:featuredmedia":[{"embeddable":true,"href":"https:\/\/www.galerie-scrapbooking.com\/en\/wp-json\/wp\/v2\/media\/32759"}],"wp:attachment":[{"href":"https:\/\/www.galerie-scrapbooking.com\/en\/wp-json\/wp\/v2\/media?parent=32758"}],"wp:term":[{"taxonomy":"product_brand","embeddable":true,"href":"https:\/\/www.galerie-scrapbooking.com\/en\/wp-json\/wp\/v2\/product_brand?post=32758"},{"taxonomy":"product_cat","embeddable":true,"href":"https:\/\/www.galerie-scrapbooking.com\/en\/wp-json\/wp\/v2\/product_cat?post=32758"},{"taxonomy":"product_tag","embeddable":true,"href":"https:\/\/www.galerie-scrapbooking.com\/en\/wp-json\/wp\/v2\/product_tag?post=32758"}],"curies":[{"name":"wp","href":"https:\/\/api.w.org\/{rel}","templated":true}]}}