{"id":32748,"date":"2024-07-18T10:57:19","date_gmt":"2024-07-18T14:57:19","guid":{"rendered":"https:\/\/www.galerie-scrapbooking.com\/?post_type=product&#038;p=32748"},"modified":"2025-12-28T11:08:02","modified_gmt":"2025-12-28T16:08:02","slug":"lavinia-etampe-fleurs-de-mousse","status":"publish","type":"product","link":"https:\/\/www.galerie-scrapbooking.com\/en\/produit\/lavinia-etampe-fleurs-de-mousse\/","title":{"rendered":"Lavinia \u00c9tampe Fleurs de mousse"},"content":{"rendered":"<h1>Lavinia \u00c9tampe Fleurs de mousse<\/h1>\n<p>Un ensemble de quatre \u00e9tampes individuelles pr\u00e9sentant des illustrations de fleurs en deux tailles.<\/p>\n<p>Les fleurs de mousse ont \u00e9t\u00e9 sp\u00e9cialement con\u00e7ues pour permettre un estampage serr\u00e9 afin de cr\u00e9er un groupe floral. Id\u00e9al pour les sc\u00e8nes avec Bumble et Hum.<\/p>\n<p>N\u00e9cessite l&#8217;utilisation d&#8217;un bloc acrylique.<\/p>\n<p>Dimension approximative:<\/p>\n<p>3.5cm x 2.5cm, 3.0cm x 2.5cm, 2.5cm x 2.0cm, 2.3cm x 2.0cm.<\/p>\n","protected":false},"excerpt":{"rendered":"<p>Lavinia Stamp &#8211; Moss Flowers<\/p>\n","protected":false},"featured_media":32749,"template":"","meta":{"_acf_changed":false},"product_brand":[],"product_cat":[423,342,252],"product_tag":[],"class_list":{"0":"post-32748","1":"product","2":"type-product","3":"status-publish","4":"has-post-thumbnail","6":"product_cat-fleurs-feuillage","7":"product_cat-etampes-lavinia","8":"product_cat-herazz-nouveautes","9":"pa_brand_nc-lavinia","11":"first","12":"instock","13":"taxable","14":"shipping-taxable","15":"purchasable","16":"product-type-simple"},"acf":[],"aioseo_notices":[],"_links":{"self":[{"href":"https:\/\/www.galerie-scrapbooking.com\/en\/wp-json\/wp\/v2\/product\/32748","targetHints":{"allow":["GET"]}}],"collection":[{"href":"https:\/\/www.galerie-scrapbooking.com\/en\/wp-json\/wp\/v2\/product"}],"about":[{"href":"https:\/\/www.galerie-scrapbooking.com\/en\/wp-json\/wp\/v2\/types\/product"}],"wp:featuredmedia":[{"embeddable":true,"href":"https:\/\/www.galerie-scrapbooking.com\/en\/wp-json\/wp\/v2\/media\/32749"}],"wp:attachment":[{"href":"https:\/\/www.galerie-scrapbooking.com\/en\/wp-json\/wp\/v2\/media?parent=32748"}],"wp:term":[{"taxonomy":"product_brand","embeddable":true,"href":"https:\/\/www.galerie-scrapbooking.com\/en\/wp-json\/wp\/v2\/product_brand?post=32748"},{"taxonomy":"product_cat","embeddable":true,"href":"https:\/\/www.galerie-scrapbooking.com\/en\/wp-json\/wp\/v2\/product_cat?post=32748"},{"taxonomy":"product_tag","embeddable":true,"href":"https:\/\/www.galerie-scrapbooking.com\/en\/wp-json\/wp\/v2\/product_tag?post=32748"}],"curies":[{"name":"wp","href":"https:\/\/api.w.org\/{rel}","templated":true}]}}