{"id":3272,"date":"2014-07-31T11:31:15","date_gmt":"2014-07-31T11:31:15","guid":{"rendered":"https:\/\/commparlimage.ca\/garage\/herazz\/?product=ranger-texture-paste-pot-de-4-onces"},"modified":"2025-07-17T09:30:09","modified_gmt":"2025-07-17T13:30:09","slug":"ranger-texture-paste-pot-de-4-onces","status":"publish","type":"product","link":"https:\/\/www.galerie-scrapbooking.com\/en\/produit\/ranger-texture-paste-pot-de-4-onces\/","title":{"rendered":"Ranger Texture Paste opaque matte pot de 4 onces"},"content":{"rendered":"<h1>Ranger Texture Paste opaque matte pot de 4 onces<\/h1>\n<p>Cette p\u00e2te de texture de qualit\u00e9 d&#8217;artiste est id\u00e9ale pour ajouter des couches tridimensionnelles sur une vari\u00e9t\u00e9 de surfaces.<\/p>\n<p>Appliquer la p\u00e2te sur les surfaces \u00e0 l&#8217;aide d&#8217;un couteau \u00e0 palette, utiliser avec des pochoirs pour les formes d\u00e9finies, ou cr\u00e9er des textures et des motifs \u00e0 l&#8217;aide des outils de texture.<\/p>\n<p>Personnaliser la p\u00e2te par encrage ou peindre directement sur \u200b\u200bla p\u00e2te s\u00e8che, ou en m\u00e9langeant avec les peintures acryliques, r\u00e9-encreurs et d&#8217;autres \u00e9l\u00e9ments de texture.<\/p>\n<p>Le bocal \u00e0 large ouverture est id\u00e9al pour un acc\u00e8s rapide et le retour du produit non utilis\u00e9.<\/p>\n<p>Elle donne une finition mate lorsqu&#8217;elle est s\u00e8che.\u00a0Se nettoie \u00e0 l&#8217;eau et au savon lorsqu&#8217;elle est humide.<\/p>\n<p>Voici un vid\u00e9o de Tim Holtz (en anglais):<\/p>\n<p><iframe loading=\"lazy\" title=\"YouTube video player\" src=\"https:\/\/www.youtube.com\/embed\/f3DAaWpFEes?si=At7zK8dsRHQOEYwy\" width=\"560\" height=\"315\" frameborder=\"0\" allowfullscreen=\"allowfullscreen\"><\/iframe><\/p>\n","protected":false},"excerpt":{"rendered":"<p>Ranger Texture Paste pot de 4 onces<\/p>\n","protected":false},"featured_media":3273,"template":"","meta":{"_acf_changed":false},"product_brand":[],"product_cat":[305],"product_tag":[],"class_list":{"0":"post-3272","1":"product","2":"type-product","3":"status-publish","4":"has-post-thumbnail","6":"product_cat-pate-embossage","7":"pa_brand_nc-ranger","9":"first","10":"instock","11":"taxable","12":"shipping-taxable","13":"purchasable","14":"product-type-simple"},"acf":[],"aioseo_notices":[],"_links":{"self":[{"href":"https:\/\/www.galerie-scrapbooking.com\/en\/wp-json\/wp\/v2\/product\/3272","targetHints":{"allow":["GET"]}}],"collection":[{"href":"https:\/\/www.galerie-scrapbooking.com\/en\/wp-json\/wp\/v2\/product"}],"about":[{"href":"https:\/\/www.galerie-scrapbooking.com\/en\/wp-json\/wp\/v2\/types\/product"}],"wp:featuredmedia":[{"embeddable":true,"href":"https:\/\/www.galerie-scrapbooking.com\/en\/wp-json\/wp\/v2\/media\/3273"}],"wp:attachment":[{"href":"https:\/\/www.galerie-scrapbooking.com\/en\/wp-json\/wp\/v2\/media?parent=3272"}],"wp:term":[{"taxonomy":"product_brand","embeddable":true,"href":"https:\/\/www.galerie-scrapbooking.com\/en\/wp-json\/wp\/v2\/product_brand?post=3272"},{"taxonomy":"product_cat","embeddable":true,"href":"https:\/\/www.galerie-scrapbooking.com\/en\/wp-json\/wp\/v2\/product_cat?post=3272"},{"taxonomy":"product_tag","embeddable":true,"href":"https:\/\/www.galerie-scrapbooking.com\/en\/wp-json\/wp\/v2\/product_tag?post=3272"}],"curies":[{"name":"wp","href":"https:\/\/api.w.org\/{rel}","templated":true}]}}