{"id":32713,"date":"2024-07-18T10:58:03","date_gmt":"2024-07-18T14:58:03","guid":{"rendered":"https:\/\/www.galerie-scrapbooking.com\/?post_type=product&#038;p=32713"},"modified":"2026-03-12T10:20:57","modified_gmt":"2026-03-12T14:20:57","slug":"lavinia-etampe-bumble-hum","status":"publish","type":"product","link":"https:\/\/www.galerie-scrapbooking.com\/en\/produit\/lavinia-etampe-bumble-hum\/","title":{"rendered":"Lavinia \u00c9tampe Bumble &#038; Hum"},"content":{"rendered":"<p>Un ensemble de deux \u00e9tampes individuelles pr\u00e9sentant des illustrations de bourdons.<\/p>\n<p>Les petits personnages, Bumble et Hum, ont des ailes magnifiquement d\u00e9taill\u00e9es, des corps moelleux et de petites pattes pr\u00eates \u00e0 r\u00e9colter le pollen.<\/p>\n<p>N\u00e9cessite l&#8217;utilisation d&#8217;un bloc acrylique.<\/p>\n<p>Dimension approximative:<\/p>\n<p>3.0 x 3.0 &#8211; 2.5 x 2.5 cm.<\/p>\n","protected":false},"excerpt":{"rendered":"<p>Lavinia Stamp &#8211; Bumble and Hum<\/p>\n","protected":false},"featured_media":32714,"template":"","meta":{"_acf_changed":false},"product_brand":[],"product_cat":[421,342,252],"product_tag":[],"class_list":{"0":"post-32713","1":"product","2":"type-product","3":"status-publish","4":"has-post-thumbnail","6":"product_cat-animaux-insectes","7":"product_cat-etampes-lavinia","8":"product_cat-herazz-nouveautes","9":"pa_brand_nc-lavinia","11":"first","12":"instock","13":"taxable","14":"shipping-taxable","15":"purchasable","16":"product-type-simple"},"acf":[],"aioseo_notices":[],"_links":{"self":[{"href":"https:\/\/www.galerie-scrapbooking.com\/en\/wp-json\/wp\/v2\/product\/32713","targetHints":{"allow":["GET"]}}],"collection":[{"href":"https:\/\/www.galerie-scrapbooking.com\/en\/wp-json\/wp\/v2\/product"}],"about":[{"href":"https:\/\/www.galerie-scrapbooking.com\/en\/wp-json\/wp\/v2\/types\/product"}],"wp:featuredmedia":[{"embeddable":true,"href":"https:\/\/www.galerie-scrapbooking.com\/en\/wp-json\/wp\/v2\/media\/32714"}],"wp:attachment":[{"href":"https:\/\/www.galerie-scrapbooking.com\/en\/wp-json\/wp\/v2\/media?parent=32713"}],"wp:term":[{"taxonomy":"product_brand","embeddable":true,"href":"https:\/\/www.galerie-scrapbooking.com\/en\/wp-json\/wp\/v2\/product_brand?post=32713"},{"taxonomy":"product_cat","embeddable":true,"href":"https:\/\/www.galerie-scrapbooking.com\/en\/wp-json\/wp\/v2\/product_cat?post=32713"},{"taxonomy":"product_tag","embeddable":true,"href":"https:\/\/www.galerie-scrapbooking.com\/en\/wp-json\/wp\/v2\/product_tag?post=32713"}],"curies":[{"name":"wp","href":"https:\/\/api.w.org\/{rel}","templated":true}]}}