{"id":32670,"date":"2024-07-18T10:58:04","date_gmt":"2024-07-18T14:58:04","guid":{"rendered":"https:\/\/www.galerie-scrapbooking.com\/?post_type=product&#038;p=32670"},"modified":"2026-04-14T00:10:57","modified_gmt":"2026-04-14T04:10:57","slug":"peel-off-generation-argent","status":"publish","type":"product","link":"https:\/\/www.galerie-scrapbooking.com\/en\/produit\/peel-off-generation-argent\/","title":{"rendered":"Peel Off G\u00e9n\u00e9ration argent"},"content":{"rendered":"<p>Une feuille d&#8217;autocollants avec du texte en fran\u00e7ais. Comprend des \u00e9l\u00e9ments de fleurs et de tourbillons pour une d\u00e9coration suppl\u00e9mentaire.<\/p>\n<p>Collez sur presque toutes les surfaces lisses comme le papier, le verre, le bois et la pierre. D\u00e9corez presque tout avec ces autocollants Peel-off.<\/p>\n<p>Personnalisez un carnet, d\u00e9corez une carte ou transformez un objet en verre en un cadeau exclusif.<\/p>\n<p>Les possibilit\u00e9s sont infinies. Vous \u00eates le concepteur.<\/p>\n<p>10 X 23 cm. sans acide.<\/p>\n","protected":false},"excerpt":{"rendered":"<p>Peel Off Stickers &#8211; G\u00e9n\u00e9ration silver<\/p>\n","protected":false},"featured_media":32673,"template":"","meta":{"_acf_changed":false},"product_brand":[],"product_cat":[159,252],"product_tag":[],"class_list":{"0":"post-32670","1":"product","2":"type-product","3":"status-publish","4":"has-post-thumbnail","6":"product_cat-pell-offs-mots-lettrage","7":"product_cat-herazz-nouveautes","8":"pa_brand_nc-ecstasy-crafts","10":"first","11":"instock","12":"taxable","13":"shipping-taxable","14":"purchasable","15":"product-type-simple"},"acf":[],"aioseo_notices":[],"_links":{"self":[{"href":"https:\/\/www.galerie-scrapbooking.com\/en\/wp-json\/wp\/v2\/product\/32670","targetHints":{"allow":["GET"]}}],"collection":[{"href":"https:\/\/www.galerie-scrapbooking.com\/en\/wp-json\/wp\/v2\/product"}],"about":[{"href":"https:\/\/www.galerie-scrapbooking.com\/en\/wp-json\/wp\/v2\/types\/product"}],"wp:featuredmedia":[{"embeddable":true,"href":"https:\/\/www.galerie-scrapbooking.com\/en\/wp-json\/wp\/v2\/media\/32673"}],"wp:attachment":[{"href":"https:\/\/www.galerie-scrapbooking.com\/en\/wp-json\/wp\/v2\/media?parent=32670"}],"wp:term":[{"taxonomy":"product_brand","embeddable":true,"href":"https:\/\/www.galerie-scrapbooking.com\/en\/wp-json\/wp\/v2\/product_brand?post=32670"},{"taxonomy":"product_cat","embeddable":true,"href":"https:\/\/www.galerie-scrapbooking.com\/en\/wp-json\/wp\/v2\/product_cat?post=32670"},{"taxonomy":"product_tag","embeddable":true,"href":"https:\/\/www.galerie-scrapbooking.com\/en\/wp-json\/wp\/v2\/product_tag?post=32670"}],"curies":[{"name":"wp","href":"https:\/\/api.w.org\/{rel}","templated":true}]}}