{"id":32527,"date":"2024-06-20T07:59:05","date_gmt":"2024-06-20T11:59:05","guid":{"rendered":"https:\/\/www.galerie-scrapbooking.com\/?post_type=product&#038;p=32527"},"modified":"2026-04-30T09:53:09","modified_gmt":"2026-04-30T13:53:09","slug":"encre-versafine-clair-arctique","status":"publish","type":"product","link":"https:\/\/www.galerie-scrapbooking.com\/en\/produit\/encre-versafine-clair-arctique\/","title":{"rendered":"Encre Versafine Clair Arctique"},"content":{"rendered":"<h1>Encre Versafine Clair Arctique<\/h1>\n<p>Cette encre pigment\u00e9e \u00e0 base d&#8217;huile est id\u00e9ale pour cr\u00e9er des designs d\u00e9taill\u00e9s.<\/p>\n<p>M\u00eame les lignes fines semblent claires et nettes. Une fois sec, il repousse l&#8217;eau et ne tache pas. De plus, elle pr\u00e9sente une excellente r\u00e9sistance \u00e0 la lumi\u00e8re.<\/p>\n<p>Base: base d&#8217;huile<\/p>\n<p>Temps de s\u00e9chage : rapide<\/p>\n<p>Peut \u00eatre utilis\u00e9 sur : papier, terre cuite, poterie non \u00e9maill\u00e9e, tissu, cuir non teint et bois<\/p>\n<p>Tampon encreur : un tampon encreur ferme en feutre avec une couche de coton. Le coussin a une taille de 1,4 x 3 pouces<\/p>\n<p>Nettoyage : \u00e0 l&#8217;eau et \u00e9ventuellement un peu de savon<\/p>\n<p>Un tampon avec cette encre peut \u00eatre color\u00e9 avec : un pinceau \u00e0 eau et de l&#8217;aquarelle<\/p>\n<p>Particularit\u00e9s : avec cette encre, vous pouvez r\u00e9aliser les impressions de tampons les plus belles et les plus d\u00e9taill\u00e9es.<\/p>\n<p>Sans acide<\/p>\n","protected":false},"excerpt":{"rendered":"<p>VersaFine Clair Ink Pad &#8211; Arctic<\/p>\n","protected":false},"featured_media":32517,"template":"","meta":{"_acf_changed":false},"product_brand":[],"product_cat":[252,344],"product_tag":[],"class_list":{"0":"post-32527","1":"product","2":"type-product","3":"status-publish","4":"has-post-thumbnail","6":"product_cat-herazz-nouveautes","7":"product_cat-encre-versafine-clair","8":"pa_brand_nc-tsukineko","10":"first","11":"instock","12":"taxable","13":"shipping-taxable","14":"purchasable","15":"product-type-simple"},"acf":[],"aioseo_notices":[],"_links":{"self":[{"href":"https:\/\/www.galerie-scrapbooking.com\/en\/wp-json\/wp\/v2\/product\/32527","targetHints":{"allow":["GET"]}}],"collection":[{"href":"https:\/\/www.galerie-scrapbooking.com\/en\/wp-json\/wp\/v2\/product"}],"about":[{"href":"https:\/\/www.galerie-scrapbooking.com\/en\/wp-json\/wp\/v2\/types\/product"}],"wp:featuredmedia":[{"embeddable":true,"href":"https:\/\/www.galerie-scrapbooking.com\/en\/wp-json\/wp\/v2\/media\/32517"}],"wp:attachment":[{"href":"https:\/\/www.galerie-scrapbooking.com\/en\/wp-json\/wp\/v2\/media?parent=32527"}],"wp:term":[{"taxonomy":"product_brand","embeddable":true,"href":"https:\/\/www.galerie-scrapbooking.com\/en\/wp-json\/wp\/v2\/product_brand?post=32527"},{"taxonomy":"product_cat","embeddable":true,"href":"https:\/\/www.galerie-scrapbooking.com\/en\/wp-json\/wp\/v2\/product_cat?post=32527"},{"taxonomy":"product_tag","embeddable":true,"href":"https:\/\/www.galerie-scrapbooking.com\/en\/wp-json\/wp\/v2\/product_tag?post=32527"}],"curies":[{"name":"wp","href":"https:\/\/api.w.org\/{rel}","templated":true}]}}