{"id":32479,"date":"2024-06-20T07:59:06","date_gmt":"2024-06-20T11:59:06","guid":{"rendered":"https:\/\/www.galerie-scrapbooking.com\/?post_type=product&#038;p=32479"},"modified":"2025-11-13T13:03:59","modified_gmt":"2025-11-13T18:03:59","slug":"graphic-45-ensemble-dimages-vol-de-fantaisie","status":"publish","type":"product","link":"https:\/\/www.galerie-scrapbooking.com\/en\/produit\/graphic-45-ensemble-dimages-vol-de-fantaisie\/","title":{"rendered":"Graphic 45 Ensemble d&#8217;images Vol de fantaisie"},"content":{"rendered":"<p>Plongez dans le monde enchanteur de Flight of Fancy, une collection de papier captivante de Graphic 45 qui s&#8217;inspire de la beaut\u00e9 gracieuse des ailes d\u00e9licates des colibris, du battement \u00e9th\u00e9r\u00e9 des papillons et des p\u00e9tales luxuriants des fleurs en pleine floraison.<\/p>\n<p>Transportez-vous dans un royaume fantaisiste o\u00f9 les tons aquarelles r\u00e8gnent en ma\u00eetre, avec des nuances de bleu, de vert, de rose et de violet qui jettent un sort d&#8217;\u00e9l\u00e9gance et de sophistication.<\/p>\n<p>Que vous cr\u00e9iez des cartes faites \u00e0 la main, des mises en page de scrapbooking ou des projets multim\u00e9dias, Flight of Fancy \u00e9l\u00e8vera votre artisanat vers de nouveaux sommets, vous invitant \u00e0 vous lancer dans un voyage de cr\u00e9ativit\u00e9 et d&#8217;imagination.<\/p>\n","protected":false},"excerpt":{"rendered":"<p>Graphic 45 Ephemera Set &#8211; Flight Of Fancy<\/p>\n","protected":false},"featured_media":0,"template":"","meta":{"_acf_changed":false},"product_brand":[],"product_cat":[432,430,252],"product_tag":[],"class_list":{"0":"post-32479","1":"product","2":"type-product","3":"status-publish","5":"product_cat-decoupes-autres","6":"product_cat-decoupes","7":"product_cat-herazz-nouveautes","8":"pa_brand_nc-graphic-45","10":"first","11":"outofstock","12":"taxable","13":"shipping-taxable","14":"purchasable","15":"product-type-simple"},"acf":[],"aioseo_notices":[],"_links":{"self":[{"href":"https:\/\/www.galerie-scrapbooking.com\/en\/wp-json\/wp\/v2\/product\/32479","targetHints":{"allow":["GET"]}}],"collection":[{"href":"https:\/\/www.galerie-scrapbooking.com\/en\/wp-json\/wp\/v2\/product"}],"about":[{"href":"https:\/\/www.galerie-scrapbooking.com\/en\/wp-json\/wp\/v2\/types\/product"}],"wp:attachment":[{"href":"https:\/\/www.galerie-scrapbooking.com\/en\/wp-json\/wp\/v2\/media?parent=32479"}],"wp:term":[{"taxonomy":"product_brand","embeddable":true,"href":"https:\/\/www.galerie-scrapbooking.com\/en\/wp-json\/wp\/v2\/product_brand?post=32479"},{"taxonomy":"product_cat","embeddable":true,"href":"https:\/\/www.galerie-scrapbooking.com\/en\/wp-json\/wp\/v2\/product_cat?post=32479"},{"taxonomy":"product_tag","embeddable":true,"href":"https:\/\/www.galerie-scrapbooking.com\/en\/wp-json\/wp\/v2\/product_tag?post=32479"}],"curies":[{"name":"wp","href":"https:\/\/api.w.org\/{rel}","templated":true}]}}