{"id":32464,"date":"2024-06-13T08:05:11","date_gmt":"2024-06-13T12:05:11","guid":{"rendered":"https:\/\/www.galerie-scrapbooking.com\/?post_type=product&#038;p=32464"},"modified":"2024-12-22T12:01:23","modified_gmt":"2024-12-22T17:01:23","slug":"aall-and-create-ensemble-detampes-motards-de-plage","status":"publish","type":"product","link":"https:\/\/www.galerie-scrapbooking.com\/en\/produit\/aall-and-create-ensemble-detampes-motards-de-plage\/","title":{"rendered":"Aall and Create Ensemble d&#8217;\u00e9tampes Motards de Plage"},"content":{"rendered":"<p>Excellent m\u00e9lange d&#8217;\u00e9tampes, les \u00e9l\u00e9ments incluent des scooters amusants, un palmier, un panneau, un soleil et une lune.<\/p>\n<p>Ce jeu d&#8217;\u00e9tampes serait parfait pour les cartes et les pages de scrapbooking ainsi que pour le mixed m\u00e9dia.<\/p>\n<p>\u00c9tampes transparentes en photopolym\u00e8re profond\u00e9ment grav\u00e9es de qualit\u00e9 qui adh\u00e8rent \u00e0 n&#8217;importe quel bloc acrylique transparent.<\/p>\n<p>Taille globale de la feuille d&#8217;\u00e9tampes : 15 cm x 10 cm &#8211; 6&#8243; x 4&#8243;<\/p>\n<p>Ensemble de 6 \u00e9tampes.<\/p>\n","protected":false},"excerpt":{"rendered":"<p>AALL and Create &#8211; Stamp Set &#8211; Beach Bikers<\/p>\n","protected":false},"featured_media":32441,"template":"","meta":{"_acf_changed":false},"product_brand":[],"product_cat":[2118,252],"product_tag":[],"class_list":{"0":"post-32464","1":"product","2":"type-product","3":"status-publish","4":"has-post-thumbnail","6":"product_cat-etampe-scrapbooking-aall-and-create","7":"product_cat-herazz-nouveautes","8":"pa_brand_nc-aall-and-create","10":"first","11":"instock","12":"taxable","13":"shipping-taxable","14":"purchasable","15":"product-type-simple"},"acf":[],"aioseo_notices":[],"_links":{"self":[{"href":"https:\/\/www.galerie-scrapbooking.com\/en\/wp-json\/wp\/v2\/product\/32464","targetHints":{"allow":["GET"]}}],"collection":[{"href":"https:\/\/www.galerie-scrapbooking.com\/en\/wp-json\/wp\/v2\/product"}],"about":[{"href":"https:\/\/www.galerie-scrapbooking.com\/en\/wp-json\/wp\/v2\/types\/product"}],"wp:featuredmedia":[{"embeddable":true,"href":"https:\/\/www.galerie-scrapbooking.com\/en\/wp-json\/wp\/v2\/media\/32441"}],"wp:attachment":[{"href":"https:\/\/www.galerie-scrapbooking.com\/en\/wp-json\/wp\/v2\/media?parent=32464"}],"wp:term":[{"taxonomy":"product_brand","embeddable":true,"href":"https:\/\/www.galerie-scrapbooking.com\/en\/wp-json\/wp\/v2\/product_brand?post=32464"},{"taxonomy":"product_cat","embeddable":true,"href":"https:\/\/www.galerie-scrapbooking.com\/en\/wp-json\/wp\/v2\/product_cat?post=32464"},{"taxonomy":"product_tag","embeddable":true,"href":"https:\/\/www.galerie-scrapbooking.com\/en\/wp-json\/wp\/v2\/product_tag?post=32464"}],"curies":[{"name":"wp","href":"https:\/\/api.w.org\/{rel}","templated":true}]}}