{"id":32422,"date":"2024-06-06T07:11:11","date_gmt":"2024-06-06T11:11:11","guid":{"rendered":"https:\/\/www.galerie-scrapbooking.com\/?post_type=product&#038;p=32422"},"modified":"2025-04-10T11:30:07","modified_gmt":"2025-04-10T15:30:07","slug":"elizabeth-craft-die-bordures-et-garnitures","status":"publish","type":"product","link":"https:\/\/www.galerie-scrapbooking.com\/en\/produit\/elizabeth-craft-die-bordures-et-garnitures\/","title":{"rendered":"Elizabeth Craft Die Bordures et garnitures"},"content":{"rendered":"<p>Les matrices Elizabeth Craft donneront une touche suppl\u00e9mentaire \u00e0 tout projet de scrapbooking et sont compatibles avec la plupart des machines de d\u00e9coupe.<\/p>\n<p>Ce paquet contient 9 matrices, la plus grande taille de matrice : 0,7&#8243; X 8,7&#8243;<\/p>\n","protected":false},"excerpt":{"rendered":"<p>Elizabeth Craft Metal Die &#8211; Borders &amp; Trims<\/p>\n","protected":false},"featured_media":32389,"template":"","meta":{"_acf_changed":false},"product_brand":[],"product_cat":[235,252],"product_tag":[],"class_list":{"0":"post-32422","1":"product","2":"type-product","3":"status-publish","4":"has-post-thumbnail","6":"product_cat-elizabeth-craft-matrices-decoupes-dies-scrapbooking","7":"product_cat-herazz-nouveautes","8":"pa_brand_nc-elizabeth-craft-designs","10":"first","11":"instock","12":"taxable","13":"shipping-taxable","14":"purchasable","15":"product-type-simple"},"acf":[],"aioseo_notices":[],"_links":{"self":[{"href":"https:\/\/www.galerie-scrapbooking.com\/en\/wp-json\/wp\/v2\/product\/32422","targetHints":{"allow":["GET"]}}],"collection":[{"href":"https:\/\/www.galerie-scrapbooking.com\/en\/wp-json\/wp\/v2\/product"}],"about":[{"href":"https:\/\/www.galerie-scrapbooking.com\/en\/wp-json\/wp\/v2\/types\/product"}],"wp:featuredmedia":[{"embeddable":true,"href":"https:\/\/www.galerie-scrapbooking.com\/en\/wp-json\/wp\/v2\/media\/32389"}],"wp:attachment":[{"href":"https:\/\/www.galerie-scrapbooking.com\/en\/wp-json\/wp\/v2\/media?parent=32422"}],"wp:term":[{"taxonomy":"product_brand","embeddable":true,"href":"https:\/\/www.galerie-scrapbooking.com\/en\/wp-json\/wp\/v2\/product_brand?post=32422"},{"taxonomy":"product_cat","embeddable":true,"href":"https:\/\/www.galerie-scrapbooking.com\/en\/wp-json\/wp\/v2\/product_cat?post=32422"},{"taxonomy":"product_tag","embeddable":true,"href":"https:\/\/www.galerie-scrapbooking.com\/en\/wp-json\/wp\/v2\/product_tag?post=32422"}],"curies":[{"name":"wp","href":"https:\/\/api.w.org\/{rel}","templated":true}]}}