{"id":32420,"date":"2024-06-06T07:11:11","date_gmt":"2024-06-06T11:11:11","guid":{"rendered":"https:\/\/www.galerie-scrapbooking.com\/?post_type=product&#038;p=32420"},"modified":"2026-04-22T11:09:13","modified_gmt":"2026-04-22T15:09:13","slug":"tim-holtz-etampe-boutique-de-curiosites","status":"publish","type":"product","link":"https:\/\/www.galerie-scrapbooking.com\/en\/produit\/tim-holtz-etampe-boutique-de-curiosites\/","title":{"rendered":"Tim Holtz \u00c9tampe Boutique de Curiosit\u00e9s"},"content":{"rendered":"<h1>Tim Holtz \u00c9tampe Boutique de Curiosit\u00e9s<\/h1>\n<p><strong>Ces tampons en caoutchouc rouge<\/strong> sont mont\u00e9s sur de la mousse adh\u00e9sive pour que vous puissiez les utiliser avec n&#8217;importe quel bloc acrylique (vendu s\u00e9par\u00e9ment).<\/p>\n<p>Id\u00e9al pour une utilisation avec les techniques Distress de Tim ! Les tampons sont livr\u00e9s sur une feuille perfor\u00e9e \u00e0 3 trous pour un rangement facile.<\/p>\n<p>Grandeur approximative: 7.0 x 8.5 pouces<\/p>\n","protected":false},"excerpt":{"rendered":"<p>Tim Holtz Cling Stamps 7&#8243;X8.5&#8243; &#8211; Curiosity Shop<\/p>\n","protected":false},"featured_media":32399,"template":"","meta":{"_acf_changed":false},"product_brand":[],"product_cat":[252,122],"product_tag":[],"class_list":{"0":"post-32420","1":"product","2":"type-product","3":"status-publish","4":"has-post-thumbnail","6":"product_cat-herazz-nouveautes","7":"product_cat-etampes-tim-holtz","8":"pa_brand_nc-tim-holtz","10":"first","11":"instock","12":"taxable","13":"shipping-taxable","14":"purchasable","15":"product-type-simple"},"acf":[],"aioseo_notices":[],"_links":{"self":[{"href":"https:\/\/www.galerie-scrapbooking.com\/en\/wp-json\/wp\/v2\/product\/32420","targetHints":{"allow":["GET"]}}],"collection":[{"href":"https:\/\/www.galerie-scrapbooking.com\/en\/wp-json\/wp\/v2\/product"}],"about":[{"href":"https:\/\/www.galerie-scrapbooking.com\/en\/wp-json\/wp\/v2\/types\/product"}],"wp:featuredmedia":[{"embeddable":true,"href":"https:\/\/www.galerie-scrapbooking.com\/en\/wp-json\/wp\/v2\/media\/32399"}],"wp:attachment":[{"href":"https:\/\/www.galerie-scrapbooking.com\/en\/wp-json\/wp\/v2\/media?parent=32420"}],"wp:term":[{"taxonomy":"product_brand","embeddable":true,"href":"https:\/\/www.galerie-scrapbooking.com\/en\/wp-json\/wp\/v2\/product_brand?post=32420"},{"taxonomy":"product_cat","embeddable":true,"href":"https:\/\/www.galerie-scrapbooking.com\/en\/wp-json\/wp\/v2\/product_cat?post=32420"},{"taxonomy":"product_tag","embeddable":true,"href":"https:\/\/www.galerie-scrapbooking.com\/en\/wp-json\/wp\/v2\/product_tag?post=32420"}],"curies":[{"name":"wp","href":"https:\/\/api.w.org\/{rel}","templated":true}]}}