{"id":32414,"date":"2024-06-06T07:11:12","date_gmt":"2024-06-06T11:11:12","guid":{"rendered":"https:\/\/www.galerie-scrapbooking.com\/?post_type=product&#038;p=32414"},"modified":"2025-11-06T10:09:54","modified_gmt":"2025-11-06T15:09:54","slug":"tim-holtz-mini-ciseaux-a-ressort-7-0-pouces","status":"publish","type":"product","link":"https:\/\/www.galerie-scrapbooking.com\/en\/produit\/tim-holtz-mini-ciseaux-a-ressort-7-0-pouces\/","title":{"rendered":"Tim Holtz mini Ciseaux \u00e0 ressort 7.0 pouces"},"content":{"rendered":"<p>Pr\u00e9sentation des nouvelles Mini Recoil Snips de Tim Holtz et Tonic Studios ! Fabriquez avec pr\u00e9cision et facilit\u00e9 \u00e0 l&#8217;aide de ces cisailles \u00e0 rev\u00eatement en titane et r\u00e9sistantes \u00e0 la rouille.<\/p>\n<p>Les lames \u00e0 double biseaux et non dentel\u00e9es garantissent des coupes nettes \u00e0 chaque fois, tandis que les poign\u00e9es confortables offrent des heures de contr\u00f4le et de confort. De plus, avec deux ressorts faciles \u00e0 changer inclus, vous pouvez personnaliser la tension pour l&#8217;adapter parfaitement \u00e0 votre prise.<\/p>\n<p>Utilisez-les comme des ciseaux pour tous vos projets de cr\u00e9ation en papier. D\u00e9couvrez le m\u00e9lange parfait de la cr\u00e9ativit\u00e9 de Tim Holtz et de l&#8217;ing\u00e9nierie de Tonic Studios. Obtenez vos mini ciseaux aujourd&#8217;hui et am\u00e9liorez votre jeu d&#8217;artisanat !<\/p>\n","protected":false},"excerpt":{"rendered":"<p>Tim Holtz Recoil Scissors 9.5&#8243;<\/p>\n","protected":false},"featured_media":32415,"template":"","meta":{"_acf_changed":false},"product_brand":[],"product_cat":[252,131,386],"product_tag":[],"class_list":{"0":"post-32414","1":"product","2":"type-product","3":"status-publish","4":"has-post-thumbnail","6":"product_cat-herazz-nouveautes","7":"product_cat-outils-de-coupe-scrapbooking","8":"product_cat-tim-holtz-ranger","9":"pa_brand_nc-tim-holtz","11":"first","12":"instock","13":"taxable","14":"shipping-taxable","15":"purchasable","16":"product-type-simple"},"acf":[],"aioseo_notices":[],"_links":{"self":[{"href":"https:\/\/www.galerie-scrapbooking.com\/en\/wp-json\/wp\/v2\/product\/32414","targetHints":{"allow":["GET"]}}],"collection":[{"href":"https:\/\/www.galerie-scrapbooking.com\/en\/wp-json\/wp\/v2\/product"}],"about":[{"href":"https:\/\/www.galerie-scrapbooking.com\/en\/wp-json\/wp\/v2\/types\/product"}],"wp:featuredmedia":[{"embeddable":true,"href":"https:\/\/www.galerie-scrapbooking.com\/en\/wp-json\/wp\/v2\/media\/32415"}],"wp:attachment":[{"href":"https:\/\/www.galerie-scrapbooking.com\/en\/wp-json\/wp\/v2\/media?parent=32414"}],"wp:term":[{"taxonomy":"product_brand","embeddable":true,"href":"https:\/\/www.galerie-scrapbooking.com\/en\/wp-json\/wp\/v2\/product_brand?post=32414"},{"taxonomy":"product_cat","embeddable":true,"href":"https:\/\/www.galerie-scrapbooking.com\/en\/wp-json\/wp\/v2\/product_cat?post=32414"},{"taxonomy":"product_tag","embeddable":true,"href":"https:\/\/www.galerie-scrapbooking.com\/en\/wp-json\/wp\/v2\/product_tag?post=32414"}],"curies":[{"name":"wp","href":"https:\/\/api.w.org\/{rel}","templated":true}]}}