{"id":32413,"date":"2024-06-06T07:11:12","date_gmt":"2024-06-06T11:11:12","guid":{"rendered":"https:\/\/www.galerie-scrapbooking.com\/?post_type=product&#038;p=32413"},"modified":"2024-07-18T13:52:01","modified_gmt":"2024-07-18T17:52:01","slug":"tim-holtz-ciseaux-a-ressort-9-5-pouces","status":"publish","type":"product","link":"https:\/\/www.galerie-scrapbooking.com\/en\/produit\/tim-holtz-ciseaux-a-ressort-9-5-pouces\/","title":{"rendered":"Tim Holtz  Ciseaux \u00e0 ressort 9.5 pouces"},"content":{"rendered":"<p>Pr\u00e9sentation des nouveaux ciseaux Recoil de Tim Holtz et Tonic Studios ! Ces ciseaux de 9,5&#8243; sont un incontournable pour les amateurs d&#8217;artisanat. Avec deux ressorts de tension faciles \u00e0 changer, vous pouvez ajuster les ciseaux en fonction de votre prise pour un confort maximal.<\/p>\n<p>Les lames non dentel\u00e9es \u00e0 double biseaux avec rev\u00eatement en titane offrent une coupe assist\u00e9e. et un contr\u00f4le pr\u00e9cis fabriqu\u00e9s avec l&#8217;expertise cr\u00e9ative de Tim Holtz et l&#8217;excellence en ing\u00e9nierie de Tonic Studios, ces ciseaux sont un incontournable pour tout amateur d&#8217;artisanat. Dites bonjour \u00e0 des heures de cr\u00e9ativit\u00e9 confortable !<\/p>\n","protected":false},"excerpt":{"rendered":"<p>Tim Holtz Recoil Scissors 9.5&#8243;<\/p>\n","protected":false},"featured_media":32393,"template":"","meta":{"_acf_changed":false},"product_brand":[],"product_cat":[252,131,386],"product_tag":[],"class_list":{"0":"post-32413","1":"product","2":"type-product","3":"status-publish","4":"has-post-thumbnail","6":"product_cat-herazz-nouveautes","7":"product_cat-outils-de-coupe-scrapbooking","8":"product_cat-tim-holtz-ranger","9":"pa_brand_nc-tim-holtz","11":"first","12":"instock","13":"taxable","14":"shipping-taxable","15":"purchasable","16":"product-type-simple"},"acf":[],"aioseo_notices":[],"_links":{"self":[{"href":"https:\/\/www.galerie-scrapbooking.com\/en\/wp-json\/wp\/v2\/product\/32413","targetHints":{"allow":["GET"]}}],"collection":[{"href":"https:\/\/www.galerie-scrapbooking.com\/en\/wp-json\/wp\/v2\/product"}],"about":[{"href":"https:\/\/www.galerie-scrapbooking.com\/en\/wp-json\/wp\/v2\/types\/product"}],"wp:featuredmedia":[{"embeddable":true,"href":"https:\/\/www.galerie-scrapbooking.com\/en\/wp-json\/wp\/v2\/media\/32393"}],"wp:attachment":[{"href":"https:\/\/www.galerie-scrapbooking.com\/en\/wp-json\/wp\/v2\/media?parent=32413"}],"wp:term":[{"taxonomy":"product_brand","embeddable":true,"href":"https:\/\/www.galerie-scrapbooking.com\/en\/wp-json\/wp\/v2\/product_brand?post=32413"},{"taxonomy":"product_cat","embeddable":true,"href":"https:\/\/www.galerie-scrapbooking.com\/en\/wp-json\/wp\/v2\/product_cat?post=32413"},{"taxonomy":"product_tag","embeddable":true,"href":"https:\/\/www.galerie-scrapbooking.com\/en\/wp-json\/wp\/v2\/product_tag?post=32413"}],"curies":[{"name":"wp","href":"https:\/\/api.w.org\/{rel}","templated":true}]}}