{"id":32351,"date":"2024-05-23T07:51:15","date_gmt":"2024-05-23T11:51:15","guid":{"rendered":"https:\/\/www.galerie-scrapbooking.com\/?post_type=product&#038;p=32351"},"modified":"2026-02-10T09:15:18","modified_gmt":"2026-02-10T14:15:18","slug":"lavinia-etampe-ensemble-de-champignons-casquettes-de-mousse","status":"publish","type":"product","link":"https:\/\/www.galerie-scrapbooking.com\/en\/produit\/lavinia-etampe-ensemble-de-champignons-casquettes-de-mousse\/","title":{"rendered":"Lavinia \u00c9tampe Ensemble de Champignons Casquettes de mousse"},"content":{"rendered":"<p>Une \u00e9tampe individuelle pr\u00e9sentant une illustration d&#8217;un groupe de nombreux champignons v\u00e9n\u00e9neux.<\/p>\n<p>Les champignons v\u00e9n\u00e9neux ont de longues tiges minces et de petites calottes pointues. Ils diff\u00e8rent par la hauteur et la taille du capuchon et sont parfaits pour cr\u00e9er des motifs ou de la profondeur dans une sc\u00e8ne.<\/p>\n<p>Tamponnez-les comme points focaux ou \u00e0 l&#8217;int\u00e9rieur des bordures pour un cadre de conte de f\u00e9es dans le coin des feuilles sauvages.<\/p>\n<p>N\u00e9cessite l&#8217;utilisation d&#8217;un bloc acrylique.<\/p>\n<p>Dimension approximative: 3.0 x 9.0 cm.<\/p>\n","protected":false},"excerpt":{"rendered":"<p>Lavinia Stamp &#8211; Moss Caps Cluster<\/p>\n","protected":false},"featured_media":32309,"template":"","meta":{"_acf_changed":false},"product_brand":[],"product_cat":[423,342],"product_tag":[],"class_list":{"0":"post-32351","1":"product","2":"type-product","3":"status-publish","4":"has-post-thumbnail","6":"product_cat-fleurs-feuillage","7":"product_cat-etampes-lavinia","8":"pa_brand_nc-lavinia","10":"first","11":"instock","12":"taxable","13":"shipping-taxable","14":"purchasable","15":"product-type-simple"},"acf":[],"aioseo_notices":[],"_links":{"self":[{"href":"https:\/\/www.galerie-scrapbooking.com\/en\/wp-json\/wp\/v2\/product\/32351","targetHints":{"allow":["GET"]}}],"collection":[{"href":"https:\/\/www.galerie-scrapbooking.com\/en\/wp-json\/wp\/v2\/product"}],"about":[{"href":"https:\/\/www.galerie-scrapbooking.com\/en\/wp-json\/wp\/v2\/types\/product"}],"wp:featuredmedia":[{"embeddable":true,"href":"https:\/\/www.galerie-scrapbooking.com\/en\/wp-json\/wp\/v2\/media\/32309"}],"wp:attachment":[{"href":"https:\/\/www.galerie-scrapbooking.com\/en\/wp-json\/wp\/v2\/media?parent=32351"}],"wp:term":[{"taxonomy":"product_brand","embeddable":true,"href":"https:\/\/www.galerie-scrapbooking.com\/en\/wp-json\/wp\/v2\/product_brand?post=32351"},{"taxonomy":"product_cat","embeddable":true,"href":"https:\/\/www.galerie-scrapbooking.com\/en\/wp-json\/wp\/v2\/product_cat?post=32351"},{"taxonomy":"product_tag","embeddable":true,"href":"https:\/\/www.galerie-scrapbooking.com\/en\/wp-json\/wp\/v2\/product_tag?post=32351"}],"curies":[{"name":"wp","href":"https:\/\/api.w.org\/{rel}","templated":true}]}}