{"id":32350,"date":"2024-05-23T07:51:16","date_gmt":"2024-05-23T11:51:16","guid":{"rendered":"https:\/\/www.galerie-scrapbooking.com\/?post_type=product&#038;p=32350"},"modified":"2025-03-02T16:52:41","modified_gmt":"2025-03-02T21:52:41","slug":"lavinia-etampe-ensemble-de-champignons-casquettes-elfiques","status":"publish","type":"product","link":"https:\/\/www.galerie-scrapbooking.com\/en\/produit\/lavinia-etampe-ensemble-de-champignons-casquettes-elfiques\/","title":{"rendered":"Lavinia \u00c9tampe Ensemble de Champignons Casquettes elfiques"},"content":{"rendered":"<p>Une \u00e9tampe individuelle pr\u00e9sentant une illustration d&#8217;un trio de champignons v\u00e9n\u00e9neux.<\/p>\n<p>Les champignons v\u00e9n\u00e9neux ont de longues tiges minces et des calottes tr\u00e8s tachet\u00e9es. Ils diff\u00e8rent par la hauteur et la taille du capuchon et sont parfaits pour cr\u00e9er des motifs ou de la profondeur dans une sc\u00e8ne.<\/p>\n<p>Tamponnez-les comme points focaux ou \u00e0 l&#8217;int\u00e9rieur des bordures pour un cadre de conte de f\u00e9es.<\/p>\n<p>N\u00e9cessite l&#8217;utilisation d&#8217;un bloc acrylique.<\/p>\n<p>Dimension approximative: 4.0 x 8.5 cm.<\/p>\n","protected":false},"excerpt":{"rendered":"<p>Lavinia Stamp &#8211; Elfin Cap Cluster<\/p>\n","protected":false},"featured_media":32291,"template":"","meta":{"_acf_changed":false},"product_brand":[],"product_cat":[423,342],"product_tag":[],"class_list":{"0":"post-32350","1":"product","2":"type-product","3":"status-publish","4":"has-post-thumbnail","6":"product_cat-fleurs-feuillage","7":"product_cat-etampes-lavinia","8":"pa_brand_nc-lavinia","10":"first","11":"instock","12":"taxable","13":"shipping-taxable","14":"purchasable","15":"product-type-simple"},"acf":[],"aioseo_notices":[],"_links":{"self":[{"href":"https:\/\/www.galerie-scrapbooking.com\/en\/wp-json\/wp\/v2\/product\/32350","targetHints":{"allow":["GET"]}}],"collection":[{"href":"https:\/\/www.galerie-scrapbooking.com\/en\/wp-json\/wp\/v2\/product"}],"about":[{"href":"https:\/\/www.galerie-scrapbooking.com\/en\/wp-json\/wp\/v2\/types\/product"}],"wp:featuredmedia":[{"embeddable":true,"href":"https:\/\/www.galerie-scrapbooking.com\/en\/wp-json\/wp\/v2\/media\/32291"}],"wp:attachment":[{"href":"https:\/\/www.galerie-scrapbooking.com\/en\/wp-json\/wp\/v2\/media?parent=32350"}],"wp:term":[{"taxonomy":"product_brand","embeddable":true,"href":"https:\/\/www.galerie-scrapbooking.com\/en\/wp-json\/wp\/v2\/product_brand?post=32350"},{"taxonomy":"product_cat","embeddable":true,"href":"https:\/\/www.galerie-scrapbooking.com\/en\/wp-json\/wp\/v2\/product_cat?post=32350"},{"taxonomy":"product_tag","embeddable":true,"href":"https:\/\/www.galerie-scrapbooking.com\/en\/wp-json\/wp\/v2\/product_tag?post=32350"}],"curies":[{"name":"wp","href":"https:\/\/api.w.org\/{rel}","templated":true}]}}