{"id":32344,"date":"2024-05-23T07:51:16","date_gmt":"2024-05-23T11:51:16","guid":{"rendered":"https:\/\/www.galerie-scrapbooking.com\/?post_type=product&#038;p=32344"},"modified":"2024-10-23T14:20:05","modified_gmt":"2024-10-23T18:20:05","slug":"lavinia-etampe-coin-de-racine-de-dragonnier","status":"publish","type":"product","link":"https:\/\/www.galerie-scrapbooking.com\/en\/produit\/lavinia-etampe-coin-de-racine-de-dragonnier\/","title":{"rendered":"Lavinia \u00c9tampe Coin de racine de Dragonnier"},"content":{"rendered":"<p>Une \u00e9tampe unique pr\u00e9sentant une illustration d&#8217;un syst\u00e8me racinaire entrelac\u00e9 qui forme un coin.<\/p>\n<p>La racine forme un coin tiss\u00e9 int\u00e9ressant avec des lignes fluides et des vrilles enroul\u00e9es.<\/p>\n<p>Tamponnez-le sur les bords pour obtenir un joli cadre pour votre design.<\/p>\n<p>N\u00e9cessite l&#8217;utilisation d&#8217;un bloc acrylique.<\/p>\n<p>Dimension approximative: 10.0 x 9.5 cm.<\/p>\n","protected":false},"excerpt":{"rendered":"<p>Lavinia Stamp &#8211; Dragon Tree Root Corner<\/p>\n","protected":false},"featured_media":32283,"template":"","meta":{"_acf_changed":false},"product_brand":[],"product_cat":[420,342],"product_tag":[],"class_list":{"0":"post-32344","1":"product","2":"type-product","3":"status-publish","4":"has-post-thumbnail","6":"product_cat-arbre-paysage","7":"product_cat-etampes-lavinia","8":"pa_brand_nc-lavinia","10":"first","11":"instock","12":"taxable","13":"shipping-taxable","14":"purchasable","15":"product-type-simple"},"acf":[],"aioseo_notices":[],"_links":{"self":[{"href":"https:\/\/www.galerie-scrapbooking.com\/en\/wp-json\/wp\/v2\/product\/32344","targetHints":{"allow":["GET"]}}],"collection":[{"href":"https:\/\/www.galerie-scrapbooking.com\/en\/wp-json\/wp\/v2\/product"}],"about":[{"href":"https:\/\/www.galerie-scrapbooking.com\/en\/wp-json\/wp\/v2\/types\/product"}],"wp:featuredmedia":[{"embeddable":true,"href":"https:\/\/www.galerie-scrapbooking.com\/en\/wp-json\/wp\/v2\/media\/32283"}],"wp:attachment":[{"href":"https:\/\/www.galerie-scrapbooking.com\/en\/wp-json\/wp\/v2\/media?parent=32344"}],"wp:term":[{"taxonomy":"product_brand","embeddable":true,"href":"https:\/\/www.galerie-scrapbooking.com\/en\/wp-json\/wp\/v2\/product_brand?post=32344"},{"taxonomy":"product_cat","embeddable":true,"href":"https:\/\/www.galerie-scrapbooking.com\/en\/wp-json\/wp\/v2\/product_cat?post=32344"},{"taxonomy":"product_tag","embeddable":true,"href":"https:\/\/www.galerie-scrapbooking.com\/en\/wp-json\/wp\/v2\/product_tag?post=32344"}],"curies":[{"name":"wp","href":"https:\/\/api.w.org\/{rel}","templated":true}]}}