{"id":32178,"date":"2024-05-16T08:18:31","date_gmt":"2024-05-16T12:18:31","guid":{"rendered":"https:\/\/www.galerie-scrapbooking.com\/?post_type=product&#038;p=32178"},"modified":"2025-04-22T11:17:54","modified_gmt":"2025-04-22T15:17:54","slug":"pinkfresh-gouttes-de-paillettes-transparentes-or","status":"publish","type":"product","link":"https:\/\/www.galerie-scrapbooking.com\/en\/produit\/pinkfresh-gouttes-de-paillettes-transparentes-or\/","title":{"rendered":"Pinkfresh Gouttes de paillettes Transparentes &#038; Or"},"content":{"rendered":"<p>Parfait pour ajouter des accents \u00e0 vos projets d\u2019artisanat !<\/p>\n<p>Contient 1 paquet de gouttes d&#8217;embellissement transparentes.<\/p>\n<p>Chaque goutte transparente est \u00e0 dos plat et peut \u00eatre facilement coll\u00e9e sur un projet de cr\u00e9ation en papier \u00e0 l&#8217;aide de colle liquide et d&#8217;un pic \u00e0 bijoux ou d&#8217;une pince tweezer.<\/p>\n","protected":false},"excerpt":{"rendered":"<p>Pinkfresh Studio Gems &#8211; Clear With Gold Dust<\/p>\n","protected":false},"featured_media":32179,"template":"","meta":{"_acf_changed":false},"product_brand":[],"product_cat":[84],"product_tag":[],"class_list":{"0":"post-32178","1":"product","2":"type-product","3":"status-publish","4":"has-post-thumbnail","6":"product_cat-bijou-autre-scrapbooking","7":"pa_brand_nc-pinkfresh-studio","9":"first","10":"instock","11":"taxable","12":"shipping-taxable","13":"purchasable","14":"product-type-simple"},"acf":[],"aioseo_notices":[],"_links":{"self":[{"href":"https:\/\/www.galerie-scrapbooking.com\/en\/wp-json\/wp\/v2\/product\/32178","targetHints":{"allow":["GET"]}}],"collection":[{"href":"https:\/\/www.galerie-scrapbooking.com\/en\/wp-json\/wp\/v2\/product"}],"about":[{"href":"https:\/\/www.galerie-scrapbooking.com\/en\/wp-json\/wp\/v2\/types\/product"}],"wp:featuredmedia":[{"embeddable":true,"href":"https:\/\/www.galerie-scrapbooking.com\/en\/wp-json\/wp\/v2\/media\/32179"}],"wp:attachment":[{"href":"https:\/\/www.galerie-scrapbooking.com\/en\/wp-json\/wp\/v2\/media?parent=32178"}],"wp:term":[{"taxonomy":"product_brand","embeddable":true,"href":"https:\/\/www.galerie-scrapbooking.com\/en\/wp-json\/wp\/v2\/product_brand?post=32178"},{"taxonomy":"product_cat","embeddable":true,"href":"https:\/\/www.galerie-scrapbooking.com\/en\/wp-json\/wp\/v2\/product_cat?post=32178"},{"taxonomy":"product_tag","embeddable":true,"href":"https:\/\/www.galerie-scrapbooking.com\/en\/wp-json\/wp\/v2\/product_tag?post=32178"}],"curies":[{"name":"wp","href":"https:\/\/api.w.org\/{rel}","templated":true}]}}