{"id":32171,"date":"2024-05-16T08:18:31","date_gmt":"2024-05-16T12:18:31","guid":{"rendered":"https:\/\/www.galerie-scrapbooking.com\/?post_type=product&#038;p=32171"},"modified":"2025-04-10T04:22:45","modified_gmt":"2025-04-10T08:22:45","slug":"boutons-decoratifs-creme-glacee-pepites","status":"publish","type":"product","link":"https:\/\/www.galerie-scrapbooking.com\/en\/produit\/boutons-decoratifs-creme-glacee-pepites\/","title":{"rendered":"Boutons D\u00e9coratifs Cr\u00e8me Glac\u00e9e &#038; P\u00e9pites"},"content":{"rendered":"<p>Boutons Jesse James, Embellissements pour vos cartes de souhaits, vos pages ou vos \u00e9tiquettes de scrapbooking.<\/p>\n<p>6 boutons par paquet<\/p>\n","protected":false},"excerpt":{"rendered":"<p>Dress It Up Embellishments &#8211; Ice Cream &amp; Sprinkles<\/p>\n","protected":false},"featured_media":32172,"template":"","meta":{"_acf_changed":false},"product_brand":[],"product_cat":[90,211],"product_tag":[],"class_list":{"0":"post-32171","1":"product","2":"type-product","3":"status-publish","4":"has-post-thumbnail","6":"product_cat-boutons-scrapbooking","7":"product_cat-boutons-jesse-james","8":"pa_brand_nc-jesse-james","10":"first","11":"instock","12":"taxable","13":"shipping-taxable","14":"purchasable","15":"product-type-simple"},"acf":[],"aioseo_notices":[],"_links":{"self":[{"href":"https:\/\/www.galerie-scrapbooking.com\/en\/wp-json\/wp\/v2\/product\/32171","targetHints":{"allow":["GET"]}}],"collection":[{"href":"https:\/\/www.galerie-scrapbooking.com\/en\/wp-json\/wp\/v2\/product"}],"about":[{"href":"https:\/\/www.galerie-scrapbooking.com\/en\/wp-json\/wp\/v2\/types\/product"}],"wp:featuredmedia":[{"embeddable":true,"href":"https:\/\/www.galerie-scrapbooking.com\/en\/wp-json\/wp\/v2\/media\/32172"}],"wp:attachment":[{"href":"https:\/\/www.galerie-scrapbooking.com\/en\/wp-json\/wp\/v2\/media?parent=32171"}],"wp:term":[{"taxonomy":"product_brand","embeddable":true,"href":"https:\/\/www.galerie-scrapbooking.com\/en\/wp-json\/wp\/v2\/product_brand?post=32171"},{"taxonomy":"product_cat","embeddable":true,"href":"https:\/\/www.galerie-scrapbooking.com\/en\/wp-json\/wp\/v2\/product_cat?post=32171"},{"taxonomy":"product_tag","embeddable":true,"href":"https:\/\/www.galerie-scrapbooking.com\/en\/wp-json\/wp\/v2\/product_tag?post=32171"}],"curies":[{"name":"wp","href":"https:\/\/api.w.org\/{rel}","templated":true}]}}