{"id":32164,"date":"2024-05-16T08:18:31","date_gmt":"2024-05-16T12:18:31","guid":{"rendered":"https:\/\/www.galerie-scrapbooking.com\/?post_type=product&#038;p=32164"},"modified":"2025-03-02T19:33:36","modified_gmt":"2025-03-03T00:33:36","slug":"elizabeth-craft-die-fleur-27","status":"publish","type":"product","link":"https:\/\/www.galerie-scrapbooking.com\/en\/produit\/elizabeth-craft-die-fleur-27\/","title":{"rendered":"Elizabeth Craft Die Fleur #27"},"content":{"rendered":"<p>Les matrices sont parfaites pour les cartes, les albums, les journaux, les cartes cadeaux, les signets et plus encore.<\/p>\n<p>D\u00e9coupez simplement les formes et d\u00e9corez de votre mani\u00e8re pr\u00e9f\u00e9r\u00e9e. Vous pouvez les utiliser pour mettre en valeur d&#8217;autres d\u00e9coupes, ou d\u00e9corer avec des peintures, poudres, papier de riz, tampons, pochoirs.<\/p>\n<p>La seule limite est votre imagination. Utilisez la matrice d\u00e9coup\u00e9e seule sur un projet ou m\u00e9langez-la avec d&#8217;autres matrices. Ils sont compatibles avec la plupart des principales machines de d\u00e9coupe.<\/p>\n<p>Plus grande taille de matrice : 2.5&#8243; x 2.1&#8243; (6.5 x 5.3 cm)<\/p>\n<p>Ce paquet contient 8 matrices.<\/p>\n","protected":false},"excerpt":{"rendered":"<p>Elizabeth Craft Metal Die &#8211; Florals 27<\/p>\n","protected":false},"featured_media":32166,"template":"","meta":{"_acf_changed":false},"product_brand":[],"product_cat":[235],"product_tag":[],"class_list":{"0":"post-32164","1":"product","2":"type-product","3":"status-publish","4":"has-post-thumbnail","6":"product_cat-elizabeth-craft-matrices-decoupes-dies-scrapbooking","7":"pa_brand_nc-elizabeth-craft-designs","9":"first","10":"instock","11":"taxable","12":"shipping-taxable","13":"purchasable","14":"product-type-simple"},"acf":[],"aioseo_notices":[],"_links":{"self":[{"href":"https:\/\/www.galerie-scrapbooking.com\/en\/wp-json\/wp\/v2\/product\/32164","targetHints":{"allow":["GET"]}}],"collection":[{"href":"https:\/\/www.galerie-scrapbooking.com\/en\/wp-json\/wp\/v2\/product"}],"about":[{"href":"https:\/\/www.galerie-scrapbooking.com\/en\/wp-json\/wp\/v2\/types\/product"}],"wp:featuredmedia":[{"embeddable":true,"href":"https:\/\/www.galerie-scrapbooking.com\/en\/wp-json\/wp\/v2\/media\/32166"}],"wp:attachment":[{"href":"https:\/\/www.galerie-scrapbooking.com\/en\/wp-json\/wp\/v2\/media?parent=32164"}],"wp:term":[{"taxonomy":"product_brand","embeddable":true,"href":"https:\/\/www.galerie-scrapbooking.com\/en\/wp-json\/wp\/v2\/product_brand?post=32164"},{"taxonomy":"product_cat","embeddable":true,"href":"https:\/\/www.galerie-scrapbooking.com\/en\/wp-json\/wp\/v2\/product_cat?post=32164"},{"taxonomy":"product_tag","embeddable":true,"href":"https:\/\/www.galerie-scrapbooking.com\/en\/wp-json\/wp\/v2\/product_tag?post=32164"}],"curies":[{"name":"wp","href":"https:\/\/api.w.org\/{rel}","templated":true}]}}