{"id":32126,"date":"2024-05-09T07:34:11","date_gmt":"2024-05-09T11:34:11","guid":{"rendered":"https:\/\/www.galerie-scrapbooking.com\/?post_type=product&#038;p=32126"},"modified":"2025-01-03T10:02:14","modified_gmt":"2025-01-03T15:02:14","slug":"yvonne-creations-pad-8-x-8-bleu-fleuri","status":"publish","type":"product","link":"https:\/\/www.galerie-scrapbooking.com\/en\/produit\/yvonne-creations-pad-8-x-8-bleu-fleuri\/","title":{"rendered":"Yvonne Creations Pad 8&#8243; X 8&#8243; Bleu fleuri"},"content":{"rendered":"<p>Le compl\u00e9ment parfait \u00e0 tous vos projets de cr\u00e9ation en papier !<\/p>\n<p>Livret de 18 feuilles de papier design recto-verso en 12 designs et \u00e9tiquettes assorties, assorti \u00e0 la collection Blooming Blue d&#8217;Yvonne Creations.<\/p>\n","protected":false},"excerpt":{"rendered":"<p>Find It Trading Yvonne Creations Paper Pack 8&#8243;X8&#8243; 18\/Pkg, &#8211; Blooming Bleu<\/p>\n","protected":false},"featured_media":32127,"template":"","meta":{"_acf_changed":false},"product_brand":[],"product_cat":[410],"product_tag":[],"class_list":{"0":"post-32126","1":"product","2":"type-product","3":"status-publish","4":"has-post-thumbnail","6":"product_cat-papiers-scrapbooking-8x8","7":"pa_brand_nc-find-it-trading","9":"first","10":"instock","11":"taxable","12":"shipping-taxable","13":"purchasable","14":"product-type-simple"},"acf":[],"aioseo_notices":[],"_links":{"self":[{"href":"https:\/\/www.galerie-scrapbooking.com\/en\/wp-json\/wp\/v2\/product\/32126","targetHints":{"allow":["GET"]}}],"collection":[{"href":"https:\/\/www.galerie-scrapbooking.com\/en\/wp-json\/wp\/v2\/product"}],"about":[{"href":"https:\/\/www.galerie-scrapbooking.com\/en\/wp-json\/wp\/v2\/types\/product"}],"wp:featuredmedia":[{"embeddable":true,"href":"https:\/\/www.galerie-scrapbooking.com\/en\/wp-json\/wp\/v2\/media\/32127"}],"wp:attachment":[{"href":"https:\/\/www.galerie-scrapbooking.com\/en\/wp-json\/wp\/v2\/media?parent=32126"}],"wp:term":[{"taxonomy":"product_brand","embeddable":true,"href":"https:\/\/www.galerie-scrapbooking.com\/en\/wp-json\/wp\/v2\/product_brand?post=32126"},{"taxonomy":"product_cat","embeddable":true,"href":"https:\/\/www.galerie-scrapbooking.com\/en\/wp-json\/wp\/v2\/product_cat?post=32126"},{"taxonomy":"product_tag","embeddable":true,"href":"https:\/\/www.galerie-scrapbooking.com\/en\/wp-json\/wp\/v2\/product_tag?post=32126"}],"curies":[{"name":"wp","href":"https:\/\/api.w.org\/{rel}","templated":true}]}}