{"id":32125,"date":"2024-05-09T07:34:11","date_gmt":"2024-05-09T11:34:11","guid":{"rendered":"https:\/\/www.galerie-scrapbooking.com\/?post_type=product&#038;p=32125"},"modified":"2026-04-22T21:04:47","modified_gmt":"2026-04-23T01:04:47","slug":"yvonne-creations-3d-images-pied-dalouette-bleu-fleuri","status":"publish","type":"product","link":"https:\/\/www.galerie-scrapbooking.com\/en\/produit\/yvonne-creations-3d-images-pied-dalouette-bleu-fleuri\/","title":{"rendered":"Yvonne Creations 3D Images Pied d&#8217;alouette, Bleu Fleuri"},"content":{"rendered":"<p>Bien que vous ayez besoin du papier parfait pour d\u00e9marrer votre projet, vous avez \u00e9galement besoin de l&#8217;embellissement parfait pour terminer votre projet !<\/p>\n<p>Les embellissements peuvent ajouter de la fantaisie, de la dimension, de la couleur et du style aux cartes de v\u0153ux, aux pages de scrapbooking, aux supports mixtes et plus encore.<\/p>\n<p>Une fantastique feuille de d\u00e9coupage d\u00e9coup\u00e9e \u00e0 l&#8217;emporte-pi\u00e8ce avec trois images 3D. Les images peuvent \u00eatre pouss\u00e9es hors de la feuille afin qu&#8217;il n&#8217;y ait pas besoin de ciseaux. Cr\u00e9ez de belles images 3D!<\/p>\n<p>Dimensions approximatives: 8.25&#8243; X 11.75&#8243;<\/p>\n","protected":false},"excerpt":{"rendered":"<p>Find It Trading Yvonne Creations Punchout Sheet &#8211; Hydrangea, Blooming Blue<\/p>\n","protected":false},"featured_media":32121,"template":"","meta":{"_acf_changed":false},"product_brand":[],"product_cat":[107],"product_tag":[],"class_list":{"0":"post-32125","1":"product","2":"type-product","3":"status-publish","4":"has-post-thumbnail","6":"product_cat-image-crafty-secrets","7":"pa_brand_nc-yvonne-creations","9":"first","10":"instock","11":"taxable","12":"shipping-taxable","13":"purchasable","14":"product-type-simple"},"acf":[],"aioseo_notices":[],"_links":{"self":[{"href":"https:\/\/www.galerie-scrapbooking.com\/en\/wp-json\/wp\/v2\/product\/32125","targetHints":{"allow":["GET"]}}],"collection":[{"href":"https:\/\/www.galerie-scrapbooking.com\/en\/wp-json\/wp\/v2\/product"}],"about":[{"href":"https:\/\/www.galerie-scrapbooking.com\/en\/wp-json\/wp\/v2\/types\/product"}],"wp:featuredmedia":[{"embeddable":true,"href":"https:\/\/www.galerie-scrapbooking.com\/en\/wp-json\/wp\/v2\/media\/32121"}],"wp:attachment":[{"href":"https:\/\/www.galerie-scrapbooking.com\/en\/wp-json\/wp\/v2\/media?parent=32125"}],"wp:term":[{"taxonomy":"product_brand","embeddable":true,"href":"https:\/\/www.galerie-scrapbooking.com\/en\/wp-json\/wp\/v2\/product_brand?post=32125"},{"taxonomy":"product_cat","embeddable":true,"href":"https:\/\/www.galerie-scrapbooking.com\/en\/wp-json\/wp\/v2\/product_cat?post=32125"},{"taxonomy":"product_tag","embeddable":true,"href":"https:\/\/www.galerie-scrapbooking.com\/en\/wp-json\/wp\/v2\/product_tag?post=32125"}],"curies":[{"name":"wp","href":"https:\/\/api.w.org\/{rel}","templated":true}]}}