{"id":32102,"date":"2024-05-09T07:34:12","date_gmt":"2024-05-09T11:34:12","guid":{"rendered":"https:\/\/www.galerie-scrapbooking.com\/?post_type=product&#038;p=32102"},"modified":"2024-10-23T14:15:39","modified_gmt":"2024-10-23T18:15:39","slug":"doodlebug-autocollants-gonfles-coeurs-roses","status":"publish","type":"product","link":"https:\/\/www.galerie-scrapbooking.com\/en\/produit\/doodlebug-autocollants-gonfles-coeurs-roses\/","title":{"rendered":"Doodlebug Autocollants gonfl\u00e9s Coeurs Roses"},"content":{"rendered":"<p>Les autocollants ajoutent la touche finale parfaite \u00e0 vos projets papier.<\/p>\n<p>Les autocollants peuvent \u00eatre un embellissement amusant, un accent fantaisiste ou ajouter une touche \u00e9l\u00e9gante aux pages de scrapbooking, aux cartes de v\u0153ux,\u00a0 et bien plus encore.<\/p>\n<p>Ce paquet contient 45 autocollants gonfl\u00e9s Doodlebug.<\/p>\n","protected":false},"excerpt":{"rendered":"<p>Doodlebug Puffy Stickers &#8211; Cupcake Heart<\/p>\n","protected":false},"featured_media":32103,"template":"","meta":{"_acf_changed":false},"product_brand":[],"product_cat":[55],"product_tag":[],"class_list":{"0":"post-32102","1":"product","2":"type-product","3":"status-publish","4":"has-post-thumbnail","6":"product_cat-doodlebug-autocollants","7":"pa_brand_nc-doodlebug","9":"first","10":"instock","11":"taxable","12":"shipping-taxable","13":"purchasable","14":"product-type-simple"},"acf":[],"aioseo_notices":[],"_links":{"self":[{"href":"https:\/\/www.galerie-scrapbooking.com\/en\/wp-json\/wp\/v2\/product\/32102","targetHints":{"allow":["GET"]}}],"collection":[{"href":"https:\/\/www.galerie-scrapbooking.com\/en\/wp-json\/wp\/v2\/product"}],"about":[{"href":"https:\/\/www.galerie-scrapbooking.com\/en\/wp-json\/wp\/v2\/types\/product"}],"wp:featuredmedia":[{"embeddable":true,"href":"https:\/\/www.galerie-scrapbooking.com\/en\/wp-json\/wp\/v2\/media\/32103"}],"wp:attachment":[{"href":"https:\/\/www.galerie-scrapbooking.com\/en\/wp-json\/wp\/v2\/media?parent=32102"}],"wp:term":[{"taxonomy":"product_brand","embeddable":true,"href":"https:\/\/www.galerie-scrapbooking.com\/en\/wp-json\/wp\/v2\/product_brand?post=32102"},{"taxonomy":"product_cat","embeddable":true,"href":"https:\/\/www.galerie-scrapbooking.com\/en\/wp-json\/wp\/v2\/product_cat?post=32102"},{"taxonomy":"product_tag","embeddable":true,"href":"https:\/\/www.galerie-scrapbooking.com\/en\/wp-json\/wp\/v2\/product_tag?post=32102"}],"curies":[{"name":"wp","href":"https:\/\/api.w.org\/{rel}","templated":true}]}}