{"id":32068,"date":"2024-04-25T09:01:01","date_gmt":"2024-04-25T13:01:01","guid":{"rendered":"https:\/\/www.galerie-scrapbooking.com\/?post_type=product&#038;p=32068"},"modified":"2024-10-23T14:12:34","modified_gmt":"2024-10-23T18:12:34","slug":"spellbinders-glimmer-hot-foil-plaque-pivoines-scintillantes","status":"publish","type":"product","link":"https:\/\/www.galerie-scrapbooking.com\/en\/produit\/spellbinders-glimmer-hot-foil-plaque-pivoines-scintillantes\/","title":{"rendered":"Spellbinders Glimmer Hot Foil Plaque Pivoines scintillantes"},"content":{"rendered":"<p>Les plaques Glimmer Hot Foil ajoutent des fonctionnalit\u00e9s \u00e9tonnantes \u00e0 tout projet, des cartes aux supports mixtes et plus encore.<\/p>\n<p>Elles con\u00e7ues pour \u00eatre utilis\u00e9es avec le &#8220;Spellbinders Glimmer Hot Foil System&#8221;<\/p>\n<p>Des \u00e9l\u00e9ments en feuille peuvent \u00e9galement \u00eatre ajout\u00e9s \u00e0 divers mat\u00e9riaux et \u00e9paisseurs avec votre machine de d\u00e9coupe et de gaufrage Platinum et bien plus encore.<\/p>\n<p>Taille approximative : 3,95 x 5,9 pouces.<\/p>\n","protected":false},"excerpt":{"rendered":"<p>Spellbinders Glimmer Hot Foil Plate &#8211; Glimmering Peonies<\/p>\n","protected":false},"featured_media":32069,"template":"","meta":{"_acf_changed":false},"product_brand":[],"product_cat":[343],"product_tag":[],"class_list":{"0":"post-32068","1":"product","2":"type-product","3":"status-publish","4":"has-post-thumbnail","6":"product_cat-spellbinder-glimmer-hot-foil-system","7":"pa_brand_nc-spellbinders","9":"first","10":"instock","11":"taxable","12":"shipping-taxable","13":"purchasable","14":"product-type-simple"},"acf":[],"aioseo_notices":[],"_links":{"self":[{"href":"https:\/\/www.galerie-scrapbooking.com\/en\/wp-json\/wp\/v2\/product\/32068","targetHints":{"allow":["GET"]}}],"collection":[{"href":"https:\/\/www.galerie-scrapbooking.com\/en\/wp-json\/wp\/v2\/product"}],"about":[{"href":"https:\/\/www.galerie-scrapbooking.com\/en\/wp-json\/wp\/v2\/types\/product"}],"wp:featuredmedia":[{"embeddable":true,"href":"https:\/\/www.galerie-scrapbooking.com\/en\/wp-json\/wp\/v2\/media\/32069"}],"wp:attachment":[{"href":"https:\/\/www.galerie-scrapbooking.com\/en\/wp-json\/wp\/v2\/media?parent=32068"}],"wp:term":[{"taxonomy":"product_brand","embeddable":true,"href":"https:\/\/www.galerie-scrapbooking.com\/en\/wp-json\/wp\/v2\/product_brand?post=32068"},{"taxonomy":"product_cat","embeddable":true,"href":"https:\/\/www.galerie-scrapbooking.com\/en\/wp-json\/wp\/v2\/product_cat?post=32068"},{"taxonomy":"product_tag","embeddable":true,"href":"https:\/\/www.galerie-scrapbooking.com\/en\/wp-json\/wp\/v2\/product_tag?post=32068"}],"curies":[{"name":"wp","href":"https:\/\/api.w.org\/{rel}","templated":true}]}}