{"id":31990,"date":"2024-04-18T08:19:02","date_gmt":"2024-04-18T12:19:02","guid":{"rendered":"https:\/\/www.galerie-scrapbooking.com\/?post_type=product&#038;p=31990"},"modified":"2025-11-22T19:36:54","modified_gmt":"2025-11-23T00:36:54","slug":"49-and-market-washi-tape-jardin","status":"publish","type":"product","link":"https:\/\/www.galerie-scrapbooking.com\/en\/produit\/49-and-market-washi-tape-jardin\/","title":{"rendered":"49 And Market Washi Tape Jardin"},"content":{"rendered":"<p>Le ruban Washi pour timbre-poste est un rouleau continu de ruban semi-transparent perfor\u00e9 ressemblant \u00e0 un masquage.<\/p>\n<p>Chaque motif en forme de timbre-poste est une mini \u0153uvre d&#8217;art perfor\u00e9e, facile \u00e0 d\u00e9chirer, simple \u00e0 appliquer et facilement amovible.<\/p>\n<p>Le rouleau mesure 5 m\u00e8tres de long<\/p>\n","protected":false},"excerpt":{"rendered":"<p>49 And Market Washi Tape Roll &#8211; Postage Krafty Garden<\/p>\n","protected":false},"featured_media":31999,"template":"","meta":{"_acf_changed":false},"product_brand":[],"product_cat":[45,217],"product_tag":[],"class_list":{"0":"post-31990","1":"product","2":"type-product","3":"status-publish","4":"has-post-thumbnail","6":"product_cat-adhesifs-autres","7":"product_cat-washi-tape-scrapbooking","8":"pa_brand_nc-49-and-market","10":"first","11":"instock","12":"taxable","13":"shipping-taxable","14":"purchasable","15":"product-type-simple"},"acf":[],"aioseo_notices":[],"_links":{"self":[{"href":"https:\/\/www.galerie-scrapbooking.com\/en\/wp-json\/wp\/v2\/product\/31990","targetHints":{"allow":["GET"]}}],"collection":[{"href":"https:\/\/www.galerie-scrapbooking.com\/en\/wp-json\/wp\/v2\/product"}],"about":[{"href":"https:\/\/www.galerie-scrapbooking.com\/en\/wp-json\/wp\/v2\/types\/product"}],"wp:featuredmedia":[{"embeddable":true,"href":"https:\/\/www.galerie-scrapbooking.com\/en\/wp-json\/wp\/v2\/media\/31999"}],"wp:attachment":[{"href":"https:\/\/www.galerie-scrapbooking.com\/en\/wp-json\/wp\/v2\/media?parent=31990"}],"wp:term":[{"taxonomy":"product_brand","embeddable":true,"href":"https:\/\/www.galerie-scrapbooking.com\/en\/wp-json\/wp\/v2\/product_brand?post=31990"},{"taxonomy":"product_cat","embeddable":true,"href":"https:\/\/www.galerie-scrapbooking.com\/en\/wp-json\/wp\/v2\/product_cat?post=31990"},{"taxonomy":"product_tag","embeddable":true,"href":"https:\/\/www.galerie-scrapbooking.com\/en\/wp-json\/wp\/v2\/product_tag?post=31990"}],"curies":[{"name":"wp","href":"https:\/\/api.w.org\/{rel}","templated":true}]}}