{"id":31984,"date":"2024-04-18T08:19:02","date_gmt":"2024-04-18T12:19:02","guid":{"rendered":"https:\/\/www.galerie-scrapbooking.com\/?post_type=product&#038;p=31984"},"modified":"2025-12-26T12:36:41","modified_gmt":"2025-12-26T17:36:41","slug":"foams-pour-applicateurs-mini-outil-blending-0-75-pouce","status":"publish","type":"product","link":"https:\/\/www.galerie-scrapbooking.com\/en\/produit\/foams-pour-applicateurs-mini-outil-blending-0-75-pouce\/","title":{"rendered":"Foams pour Applicateurs Mini Outil Blending 0.75 pouce"},"content":{"rendered":"<p>Tim Holtz Distress : Tiny Blending Foams<\/p>\n<p>\u00c0 utiliser avec l&#8217;outil Tim Holtz Applicateurs Mini Outil Blending 0.75 pouce (vendu s\u00e9par\u00e9ment)<\/p>\n<p>Le petit foam se fixe facilement au petit outil de m\u00e9lange pour appliquer des encres et d&#8217;autres supports sur des zones plus petites de vos projets d&#8217;artisanat.<\/p>\n<p>Utilisez un morceau de foam pour chaque couleur ou lavez les foams avec de l&#8217;eau et du savon. Laisser s\u00e9cher \u00e0 l&#8217;air libre.<\/p>\n<p>Le paquet contient 9 mini foams.<\/p>\n","protected":false},"excerpt":{"rendered":"<p>Tim Holtz Distress Tiny Blending Foams<\/p>\n","protected":false},"featured_media":31985,"template":"","meta":{"_acf_changed":false},"product_brand":[],"product_cat":[115],"product_tag":[],"class_list":{"0":"post-31984","1":"product","2":"type-product","3":"status-publish","4":"has-post-thumbnail","6":"product_cat-encres-accessoires","7":"pa_brand_nc-tim-holtz","9":"first","10":"instock","11":"taxable","12":"shipping-taxable","13":"purchasable","14":"product-type-simple"},"acf":[],"aioseo_notices":[],"_links":{"self":[{"href":"https:\/\/www.galerie-scrapbooking.com\/en\/wp-json\/wp\/v2\/product\/31984","targetHints":{"allow":["GET"]}}],"collection":[{"href":"https:\/\/www.galerie-scrapbooking.com\/en\/wp-json\/wp\/v2\/product"}],"about":[{"href":"https:\/\/www.galerie-scrapbooking.com\/en\/wp-json\/wp\/v2\/types\/product"}],"wp:featuredmedia":[{"embeddable":true,"href":"https:\/\/www.galerie-scrapbooking.com\/en\/wp-json\/wp\/v2\/media\/31985"}],"wp:attachment":[{"href":"https:\/\/www.galerie-scrapbooking.com\/en\/wp-json\/wp\/v2\/media?parent=31984"}],"wp:term":[{"taxonomy":"product_brand","embeddable":true,"href":"https:\/\/www.galerie-scrapbooking.com\/en\/wp-json\/wp\/v2\/product_brand?post=31984"},{"taxonomy":"product_cat","embeddable":true,"href":"https:\/\/www.galerie-scrapbooking.com\/en\/wp-json\/wp\/v2\/product_cat?post=31984"},{"taxonomy":"product_tag","embeddable":true,"href":"https:\/\/www.galerie-scrapbooking.com\/en\/wp-json\/wp\/v2\/product_tag?post=31984"}],"curies":[{"name":"wp","href":"https:\/\/api.w.org\/{rel}","templated":true}]}}