{"id":31981,"date":"2024-04-18T08:19:02","date_gmt":"2024-04-18T12:19:02","guid":{"rendered":"https:\/\/www.galerie-scrapbooking.com\/?post_type=product&#038;p=31981"},"modified":"2026-03-25T09:18:21","modified_gmt":"2026-03-25T13:18:21","slug":"crafters-workshop-masque-6x6-plein-de-coeurs","status":"publish","type":"product","link":"https:\/\/www.galerie-scrapbooking.com\/en\/produit\/crafters-workshop-masque-6x6-plein-de-coeurs\/","title":{"rendered":"Crafter&#8217;s Workshop Masque 6&#8243;X6&#8243; Plein de Coeurs"},"content":{"rendered":"<p>Masque de Crafters Workshop<\/p>\n<p>Ce pochoir r\u00e9utilisable peut \u00eatre utilis\u00e9 avec vos encres, marqueurs, peintures, p\u00e2tes, sprays, etc.<\/p>\n<p>Ce stencil peut \u00eatre utilis\u00e9 sur une vari\u00e9t\u00e9 de surfaces telles que des meubles et des murs, ainsi que pour des cartes, des pages de scrapbooking, des \u00e9tiquettes et d&#8217;autres projets d&#8217;artisanat en papier, de techniques mixtes et de d\u00e9coration int\u00e9rieure.<\/p>\n<p>Grandeur: 6 X 6 pouces<\/p>\n<p>&nbsp;<\/p>\n","protected":false},"excerpt":{"rendered":"<p>Crafter&#8217;s Workshop Template 6&#8243;X6&#8243; &#8211; Heartfelt<\/p>\n","protected":false},"featured_media":31982,"template":"","meta":{"_acf_changed":false},"product_brand":[],"product_cat":[243,105],"product_tag":[],"class_list":{"0":"post-31981","1":"product","2":"type-product","3":"status-publish","4":"has-post-thumbnail","6":"product_cat-masque-crafters-workshop","7":"product_cat-masques-scrapbooking","8":"pa_brand_nc-crafters-workshop","10":"first","11":"instock","12":"taxable","13":"shipping-taxable","14":"purchasable","15":"product-type-simple"},"acf":[],"aioseo_notices":[],"_links":{"self":[{"href":"https:\/\/www.galerie-scrapbooking.com\/en\/wp-json\/wp\/v2\/product\/31981","targetHints":{"allow":["GET"]}}],"collection":[{"href":"https:\/\/www.galerie-scrapbooking.com\/en\/wp-json\/wp\/v2\/product"}],"about":[{"href":"https:\/\/www.galerie-scrapbooking.com\/en\/wp-json\/wp\/v2\/types\/product"}],"wp:featuredmedia":[{"embeddable":true,"href":"https:\/\/www.galerie-scrapbooking.com\/en\/wp-json\/wp\/v2\/media\/31982"}],"wp:attachment":[{"href":"https:\/\/www.galerie-scrapbooking.com\/en\/wp-json\/wp\/v2\/media?parent=31981"}],"wp:term":[{"taxonomy":"product_brand","embeddable":true,"href":"https:\/\/www.galerie-scrapbooking.com\/en\/wp-json\/wp\/v2\/product_brand?post=31981"},{"taxonomy":"product_cat","embeddable":true,"href":"https:\/\/www.galerie-scrapbooking.com\/en\/wp-json\/wp\/v2\/product_cat?post=31981"},{"taxonomy":"product_tag","embeddable":true,"href":"https:\/\/www.galerie-scrapbooking.com\/en\/wp-json\/wp\/v2\/product_tag?post=31981"}],"curies":[{"name":"wp","href":"https:\/\/api.w.org\/{rel}","templated":true}]}}