{"id":31958,"date":"2024-04-18T08:19:02","date_gmt":"2024-04-18T12:19:02","guid":{"rendered":"https:\/\/www.galerie-scrapbooking.com\/?post_type=product&#038;p=31958"},"modified":"2024-10-23T14:13:26","modified_gmt":"2024-10-23T18:13:26","slug":"crafters-companion-dies-arrosoir-et-fleurs","status":"publish","type":"product","link":"https:\/\/www.galerie-scrapbooking.com\/en\/produit\/crafters-companion-dies-arrosoir-et-fleurs\/","title":{"rendered":"Crafter&#8217;s Companion Dies Arrosoir et fleurs"},"content":{"rendered":"<p>Crafter&#8217;s Companion dies, matrice de d\u00e9coupe . Facile \u00e0 utiliser avec Cuttlebug, Bigshot, Grand calibur, Platinum ou autres machines du m\u00eame genre.<\/p>\n<p>10 pi\u00e8ces<\/p>\n<p>Grandeurs approximatives:<\/p>\n<p>Le plus grand: 4.6 x 3.0 cm.<\/p>\n","protected":false},"excerpt":{"rendered":"<p>Crafter&#8217;s Companion Garden Collection Metal Die &#8211; Watering Can And Florals<\/p>\n","protected":false},"featured_media":31959,"template":"","meta":{"_acf_changed":false},"product_brand":[],"product_cat":[182],"product_tag":[],"class_list":{"0":"post-31958","1":"product","2":"type-product","3":"status-publish","4":"has-post-thumbnail","6":"product_cat-decoupes-autres-scrapbooking","7":"pa_brand_nc-crafters-companion","9":"first","10":"instock","11":"taxable","12":"shipping-taxable","13":"purchasable","14":"product-type-simple"},"acf":[],"aioseo_notices":[],"_links":{"self":[{"href":"https:\/\/www.galerie-scrapbooking.com\/en\/wp-json\/wp\/v2\/product\/31958","targetHints":{"allow":["GET"]}}],"collection":[{"href":"https:\/\/www.galerie-scrapbooking.com\/en\/wp-json\/wp\/v2\/product"}],"about":[{"href":"https:\/\/www.galerie-scrapbooking.com\/en\/wp-json\/wp\/v2\/types\/product"}],"wp:featuredmedia":[{"embeddable":true,"href":"https:\/\/www.galerie-scrapbooking.com\/en\/wp-json\/wp\/v2\/media\/31959"}],"wp:attachment":[{"href":"https:\/\/www.galerie-scrapbooking.com\/en\/wp-json\/wp\/v2\/media?parent=31958"}],"wp:term":[{"taxonomy":"product_brand","embeddable":true,"href":"https:\/\/www.galerie-scrapbooking.com\/en\/wp-json\/wp\/v2\/product_brand?post=31958"},{"taxonomy":"product_cat","embeddable":true,"href":"https:\/\/www.galerie-scrapbooking.com\/en\/wp-json\/wp\/v2\/product_cat?post=31958"},{"taxonomy":"product_tag","embeddable":true,"href":"https:\/\/www.galerie-scrapbooking.com\/en\/wp-json\/wp\/v2\/product_tag?post=31958"}],"curies":[{"name":"wp","href":"https:\/\/api.w.org\/{rel}","templated":true}]}}