{"id":3192,"date":"2014-04-03T14:18:40","date_gmt":"2014-04-03T14:18:40","guid":{"rendered":"https:\/\/commparlimage.ca\/garage\/herazz\/?product=versamark-watermark-pad"},"modified":"2026-01-21T11:48:32","modified_gmt":"2026-01-21T16:48:32","slug":"versamark-watermark-pad","status":"publish","type":"product","link":"https:\/\/www.galerie-scrapbooking.com\/en\/produit\/versamark-watermark-pad\/","title":{"rendered":"VersaMark Watermark pad"},"content":{"rendered":"<h1>VersaMark Watermark pad<\/h1>\n<p>Tampons encreurs Versamark transparents (filigrane)<\/p>\n<p>Impressionnez les d\u00e9tails pr\u00e9cis de vos \u00e9tampes les plus complexes.<\/p>\n<p>VersaMark est une encre pigment\u00e9e transparente ; elle se nettoie facilement avec le nettoyant pour tampons tout usage StazOn .<\/p>\n<p>Dimensions : 8,9 cm x 5,4 cm<\/p>\n<p>Le filigrane cr\u00e9e un effet ton sur ton sur du papier de n&#8217;importe quelle couleur pour cr\u00e9er un effet mouill\u00e9.<\/p>\n<p>&nbsp;<\/p>\n<p>&nbsp;<\/p>\n","protected":false},"excerpt":{"rendered":"<p>VersaMark Watermark pad<\/p>\n","protected":false},"featured_media":3193,"template":"","meta":{"_acf_changed":false},"product_brand":[],"product_cat":[306,111],"product_tag":[],"class_list":{"0":"post-3192","1":"product","2":"type-product","3":"status-publish","4":"has-post-thumbnail","6":"product_cat-accessoire-embossage","7":"product_cat-embossage-scrapbooking","8":"pa_brand_nc-tsukineko","10":"first","11":"outofstock","12":"taxable","13":"shipping-taxable","14":"purchasable","15":"product-type-simple"},"acf":[],"aioseo_notices":[],"_links":{"self":[{"href":"https:\/\/www.galerie-scrapbooking.com\/en\/wp-json\/wp\/v2\/product\/3192","targetHints":{"allow":["GET"]}}],"collection":[{"href":"https:\/\/www.galerie-scrapbooking.com\/en\/wp-json\/wp\/v2\/product"}],"about":[{"href":"https:\/\/www.galerie-scrapbooking.com\/en\/wp-json\/wp\/v2\/types\/product"}],"wp:featuredmedia":[{"embeddable":true,"href":"https:\/\/www.galerie-scrapbooking.com\/en\/wp-json\/wp\/v2\/media\/3193"}],"wp:attachment":[{"href":"https:\/\/www.galerie-scrapbooking.com\/en\/wp-json\/wp\/v2\/media?parent=3192"}],"wp:term":[{"taxonomy":"product_brand","embeddable":true,"href":"https:\/\/www.galerie-scrapbooking.com\/en\/wp-json\/wp\/v2\/product_brand?post=3192"},{"taxonomy":"product_cat","embeddable":true,"href":"https:\/\/www.galerie-scrapbooking.com\/en\/wp-json\/wp\/v2\/product_cat?post=3192"},{"taxonomy":"product_tag","embeddable":true,"href":"https:\/\/www.galerie-scrapbooking.com\/en\/wp-json\/wp\/v2\/product_tag?post=3192"}],"curies":[{"name":"wp","href":"https:\/\/api.w.org\/{rel}","templated":true}]}}