{"id":31840,"date":"2024-04-04T06:57:30","date_gmt":"2024-04-04T10:57:30","guid":{"rendered":"https:\/\/www.galerie-scrapbooking.com\/?post_type=product&#038;p=31840"},"modified":"2025-03-05T10:10:37","modified_gmt":"2025-03-05T15:10:37","slug":"ranger-pinceaux-angulaires","status":"publish","type":"product","link":"https:\/\/www.galerie-scrapbooking.com\/en\/produit\/ranger-pinceaux-angulaires\/","title":{"rendered":"Ranger Pinceaux angulaires"},"content":{"rendered":"<p>Les pinceaux angulaires de Ranger facilitent l&#8217;application de m\u00e9diums sur de petites zones.<\/p>\n<p>Id\u00e9al pour une utilisation avec des encres, des peintures, du gesso et plus encore ! Id\u00e9al pour la peinture, les d\u00e9tails et les bordures.<\/p>\n<p>Pinceaux doux et inclin\u00e9s avec manche en bois.<\/p>\n<p>Ensemble de 6 pi\u00e8ces.<\/p>\n","protected":false},"excerpt":{"rendered":"<p>Ranger Angled Brushes<\/p>\n","protected":false},"featured_media":31806,"template":"","meta":{"_acf_changed":false},"product_brand":[],"product_cat":[123,115,386],"product_tag":[],"class_list":{"0":"post-31840","1":"product","2":"type-product","3":"status-publish","4":"has-post-thumbnail","6":"product_cat-etampe-scrapbooking-accessoires","7":"product_cat-encres-accessoires","8":"product_cat-tim-holtz-ranger","9":"pa_brand_nc-tim-holtz","11":"first","12":"instock","13":"taxable","14":"shipping-taxable","15":"purchasable","16":"product-type-simple"},"acf":[],"aioseo_notices":[],"_links":{"self":[{"href":"https:\/\/www.galerie-scrapbooking.com\/en\/wp-json\/wp\/v2\/product\/31840","targetHints":{"allow":["GET"]}}],"collection":[{"href":"https:\/\/www.galerie-scrapbooking.com\/en\/wp-json\/wp\/v2\/product"}],"about":[{"href":"https:\/\/www.galerie-scrapbooking.com\/en\/wp-json\/wp\/v2\/types\/product"}],"wp:featuredmedia":[{"embeddable":true,"href":"https:\/\/www.galerie-scrapbooking.com\/en\/wp-json\/wp\/v2\/media\/31806"}],"wp:attachment":[{"href":"https:\/\/www.galerie-scrapbooking.com\/en\/wp-json\/wp\/v2\/media?parent=31840"}],"wp:term":[{"taxonomy":"product_brand","embeddable":true,"href":"https:\/\/www.galerie-scrapbooking.com\/en\/wp-json\/wp\/v2\/product_brand?post=31840"},{"taxonomy":"product_cat","embeddable":true,"href":"https:\/\/www.galerie-scrapbooking.com\/en\/wp-json\/wp\/v2\/product_cat?post=31840"},{"taxonomy":"product_tag","embeddable":true,"href":"https:\/\/www.galerie-scrapbooking.com\/en\/wp-json\/wp\/v2\/product_tag?post=31840"}],"curies":[{"name":"wp","href":"https:\/\/api.w.org\/{rel}","templated":true}]}}