{"id":31836,"date":"2024-04-04T06:57:31","date_gmt":"2024-04-04T10:57:31","guid":{"rendered":"https:\/\/www.galerie-scrapbooking.com\/?post_type=product&#038;p=31836"},"modified":"2024-10-23T14:10:57","modified_gmt":"2024-10-23T18:10:57","slug":"craft-consortium-pad-6x6-gouttes-dencre-ombre","status":"publish","type":"product","link":"https:\/\/www.galerie-scrapbooking.com\/en\/produit\/craft-consortium-pad-6x6-gouttes-dencre-ombre\/","title":{"rendered":"Craft Consortium Pad 6&#8243;X6&#8243; Gouttes d&#8217;encre &#8211; Ombr\u00e9"},"content":{"rendered":"<p>Les papiers artisanaux Ombre Essential de Craft Consortium sont un papier cartonn\u00e9 indispensable pour votre r\u00e9serve d&#8217;artisanat.<\/p>\n<p>Chaque bloc gomm\u00e9 offre 20 motifs uniques, sur du papier cartonn\u00e9 de 180 g\/m\u00b2 sans acide . Sur le th\u00e8me de la patine naturelle des peintures \u00e0 l&#8217;aquarelle m\u00e9lang\u00e9es \u00e0 des couleurs coordonn\u00e9es et \u00e0 de l&#8217;eau, dans une \u00e9tonnante vari\u00e9t\u00e9 de tons sombres audacieux jusqu&#8217;aux couleurs vives.<\/p>\n<p>Cette nouvelle collection exquise ajoutera un impact imm\u00e9diat \u00e0 vos cr\u00e9ations, avec des teintes tonales fortes et des couleurs vives et audacieuses, propulsant vos cr\u00e9ations astucieuses \u00e0 un tout autre niveau. Parfaite pour les travaux manuels, qu&#8217;il s&#8217;agisse de fabrication de cartes, de scrapbooking, de mariages et d&#8217;occasions ou simplement de d\u00e9coupe, c&#8217;est une collection incontournable<\/p>\n<p>Ce bloc contient 40 feuilles recto-verso de 6 x 6 pouces dans 20 mod\u00e8les diff\u00e9rents (deux de chaque mod\u00e8le)<\/p>\n","protected":false},"excerpt":{"rendered":"<p>Craft Consortium Double-Sided Paper Pad 6&#8243;X6&#8243; 40\/Pkg &#8211; Ombre<\/p>\n","protected":false},"featured_media":31808,"template":"","meta":{"_acf_changed":false},"product_brand":[],"product_cat":[136,187],"product_tag":[],"class_list":{"0":"post-31836","1":"product","2":"type-product","3":"status-publish","4":"has-post-thumbnail","6":"product_cat-papier-craft-consortium","7":"product_cat-papiers-scrapbooking-6x6","8":"pa_brand_nc-craft-consortium","10":"first","11":"instock","12":"taxable","13":"shipping-taxable","14":"purchasable","15":"product-type-simple"},"acf":[],"aioseo_notices":[],"_links":{"self":[{"href":"https:\/\/www.galerie-scrapbooking.com\/en\/wp-json\/wp\/v2\/product\/31836","targetHints":{"allow":["GET"]}}],"collection":[{"href":"https:\/\/www.galerie-scrapbooking.com\/en\/wp-json\/wp\/v2\/product"}],"about":[{"href":"https:\/\/www.galerie-scrapbooking.com\/en\/wp-json\/wp\/v2\/types\/product"}],"wp:featuredmedia":[{"embeddable":true,"href":"https:\/\/www.galerie-scrapbooking.com\/en\/wp-json\/wp\/v2\/media\/31808"}],"wp:attachment":[{"href":"https:\/\/www.galerie-scrapbooking.com\/en\/wp-json\/wp\/v2\/media?parent=31836"}],"wp:term":[{"taxonomy":"product_brand","embeddable":true,"href":"https:\/\/www.galerie-scrapbooking.com\/en\/wp-json\/wp\/v2\/product_brand?post=31836"},{"taxonomy":"product_cat","embeddable":true,"href":"https:\/\/www.galerie-scrapbooking.com\/en\/wp-json\/wp\/v2\/product_cat?post=31836"},{"taxonomy":"product_tag","embeddable":true,"href":"https:\/\/www.galerie-scrapbooking.com\/en\/wp-json\/wp\/v2\/product_tag?post=31836"}],"curies":[{"name":"wp","href":"https:\/\/api.w.org\/{rel}","templated":true}]}}