{"id":31830,"date":"2024-04-04T06:57:31","date_gmt":"2024-04-04T10:57:31","guid":{"rendered":"https:\/\/www.galerie-scrapbooking.com\/?post_type=product&#038;p=31830"},"modified":"2026-01-21T15:12:43","modified_gmt":"2026-01-21T20:12:43","slug":"stickles-mountain-lake","status":"publish","type":"product","link":"https:\/\/www.galerie-scrapbooking.com\/en\/produit\/stickles-mountain-lake\/","title":{"rendered":"Stickles Mountain Lake"},"content":{"rendered":"<h1>Stickles Mountain Lake<\/h1>\n<p>Embellissez les travaux manuels en papier et les projets de tampons en caoutchouc avec des couleurs scintillantes brillantes sans le d\u00e9sordre de travailler avec des paillettes et de la colle.<\/p>\n<p>Les bouteilles faciles \u00e0 presser sont dot\u00e9es d&#8217;une pointe fine \u00e0 d\u00e9bit continu, parfaites pour le travail de lettrage et de d\u00e9tail.<\/p>\n<p>Toutes les couleurs disposent d&#8217;une base de s\u00e9chage transparente<\/p>\n<p>Bouteille de 0.5 once \u00a018 ml.<\/p>\n","protected":false},"excerpt":{"rendered":"<p>Ranger Stickles Glitter Glue .5oz &#8211; Mountain Lake<\/p>\n","protected":false},"featured_media":31820,"template":"","meta":{"_acf_changed":false},"product_brand":[],"product_cat":[37],"product_tag":[],"class_list":{"0":"post-31830","1":"product","2":"type-product","3":"status-publish","4":"has-post-thumbnail","6":"product_cat-stickles-scrapbooking","7":"pa_brand_nc-ranger","9":"first","10":"instock","11":"taxable","12":"shipping-taxable","13":"purchasable","14":"product-type-simple"},"acf":[],"aioseo_notices":[],"_links":{"self":[{"href":"https:\/\/www.galerie-scrapbooking.com\/en\/wp-json\/wp\/v2\/product\/31830","targetHints":{"allow":["GET"]}}],"collection":[{"href":"https:\/\/www.galerie-scrapbooking.com\/en\/wp-json\/wp\/v2\/product"}],"about":[{"href":"https:\/\/www.galerie-scrapbooking.com\/en\/wp-json\/wp\/v2\/types\/product"}],"wp:featuredmedia":[{"embeddable":true,"href":"https:\/\/www.galerie-scrapbooking.com\/en\/wp-json\/wp\/v2\/media\/31820"}],"wp:attachment":[{"href":"https:\/\/www.galerie-scrapbooking.com\/en\/wp-json\/wp\/v2\/media?parent=31830"}],"wp:term":[{"taxonomy":"product_brand","embeddable":true,"href":"https:\/\/www.galerie-scrapbooking.com\/en\/wp-json\/wp\/v2\/product_brand?post=31830"},{"taxonomy":"product_cat","embeddable":true,"href":"https:\/\/www.galerie-scrapbooking.com\/en\/wp-json\/wp\/v2\/product_cat?post=31830"},{"taxonomy":"product_tag","embeddable":true,"href":"https:\/\/www.galerie-scrapbooking.com\/en\/wp-json\/wp\/v2\/product_tag?post=31830"}],"curies":[{"name":"wp","href":"https:\/\/api.w.org\/{rel}","templated":true}]}}