{"id":31787,"date":"2024-04-04T06:57:31","date_gmt":"2024-04-04T10:57:31","guid":{"rendered":"https:\/\/www.galerie-scrapbooking.com\/?post_type=product&#038;p=31787"},"modified":"2025-01-09T11:30:29","modified_gmt":"2025-01-09T16:30:29","slug":"katy-sue-die-cut-decoupage-fleurs-pois-de-senteur-ensemble-de-3","status":"publish","type":"product","link":"https:\/\/www.galerie-scrapbooking.com\/en\/produit\/katy-sue-die-cut-decoupage-fleurs-pois-de-senteur-ensemble-de-3\/","title":{"rendered":"Katy Sue Die Cut D\u00e9coupage Fleurs Pois de senteur (ensemble de 3)"},"content":{"rendered":"<h1>Katy Sue Die Cut D\u00e9coupage Fleurs Pois de senteur<\/h1>\n<p>Lot de trois feuilles de d\u00e9coupage finement d\u00e9coup\u00e9es, id\u00e9ales comme \u00ab fabrication rapide \u00bb pour les cartes de derni\u00e8re minute.<\/p>\n<p>Chaque paquet contient trois feuilles d&#8217;un m\u00eame motif.<\/p>\n<p>Appuyez simplement sur la feuille et superposez-la avec de la colle silicone ou des tampons en mousse pour compl\u00e9ter votre image 3D. Parfait pour la fabrication de cartes et autres cr\u00e9ations en scrapbooking.<\/p>\n<p>Taille : 297 x 210 mm &#8211; 11,7 x 8,3 pouces<\/p>\n","protected":false},"excerpt":{"rendered":"<p>Katy Sue Die Cut Decoupage \u2013 Sweet Peas (Pack Of 3)<\/p>\n","protected":false},"featured_media":31788,"template":"","meta":{"_acf_changed":false},"product_brand":[],"product_cat":[107],"product_tag":[],"class_list":{"0":"post-31787","1":"product","2":"type-product","3":"status-publish","4":"has-post-thumbnail","6":"product_cat-image-crafty-secrets","7":"pa_brand_nc-katy-sue","9":"first","10":"instock","11":"taxable","12":"shipping-taxable","13":"purchasable","14":"product-type-simple"},"acf":[],"aioseo_notices":[],"_links":{"self":[{"href":"https:\/\/www.galerie-scrapbooking.com\/en\/wp-json\/wp\/v2\/product\/31787","targetHints":{"allow":["GET"]}}],"collection":[{"href":"https:\/\/www.galerie-scrapbooking.com\/en\/wp-json\/wp\/v2\/product"}],"about":[{"href":"https:\/\/www.galerie-scrapbooking.com\/en\/wp-json\/wp\/v2\/types\/product"}],"wp:featuredmedia":[{"embeddable":true,"href":"https:\/\/www.galerie-scrapbooking.com\/en\/wp-json\/wp\/v2\/media\/31788"}],"wp:attachment":[{"href":"https:\/\/www.galerie-scrapbooking.com\/en\/wp-json\/wp\/v2\/media?parent=31787"}],"wp:term":[{"taxonomy":"product_brand","embeddable":true,"href":"https:\/\/www.galerie-scrapbooking.com\/en\/wp-json\/wp\/v2\/product_brand?post=31787"},{"taxonomy":"product_cat","embeddable":true,"href":"https:\/\/www.galerie-scrapbooking.com\/en\/wp-json\/wp\/v2\/product_cat?post=31787"},{"taxonomy":"product_tag","embeddable":true,"href":"https:\/\/www.galerie-scrapbooking.com\/en\/wp-json\/wp\/v2\/product_tag?post=31787"}],"curies":[{"name":"wp","href":"https:\/\/api.w.org\/{rel}","templated":true}]}}