{"id":3174,"date":"2014-03-27T12:28:58","date_gmt":"2014-03-27T12:28:58","guid":{"rendered":"https:\/\/commparlimage.ca\/garage\/herazz\/?product=die-namites-die-cest-le-printemps"},"modified":"2026-01-03T10:55:27","modified_gmt":"2026-01-03T15:55:27","slug":"die-namites-die-c-est-le-printemps","status":"publish","type":"product","link":"https:\/\/www.galerie-scrapbooking.com\/en\/produit\/die-namites-die-c-est-le-printemps\/","title":{"rendered":"Die-Namites Die C&#8217;est le Printemps"},"content":{"rendered":"<p>Ces dies (matrices)\u00a0vous permettre dec cr\u00e9er facilement de jolies d\u00e9coupes pour vos projets de scrapbooking. Utiliser avec n&#8217;importe quelles marques de machine de d\u00e9coupe!<\/p>\n<p>Dimensions approximatives:4&#8243; X 5.25&#8243;<\/p>\n","protected":false},"excerpt":{"rendered":"<p>Die-Namites Die<\/p>\n","protected":false},"featured_media":3175,"template":"","meta":{"_acf_changed":false},"product_brand":[],"product_cat":[39],"product_tag":[],"class_list":{"0":"post-3174","1":"product","2":"type-product","3":"status-publish","4":"has-post-thumbnail","6":"product_cat-liquidation-scrapbooking","7":"pa_brand_nc-die-namites","9":"first","10":"instock","11":"taxable","12":"shipping-taxable","13":"purchasable","14":"product-type-simple"},"acf":[],"aioseo_notices":[],"_links":{"self":[{"href":"https:\/\/www.galerie-scrapbooking.com\/en\/wp-json\/wp\/v2\/product\/3174","targetHints":{"allow":["GET"]}}],"collection":[{"href":"https:\/\/www.galerie-scrapbooking.com\/en\/wp-json\/wp\/v2\/product"}],"about":[{"href":"https:\/\/www.galerie-scrapbooking.com\/en\/wp-json\/wp\/v2\/types\/product"}],"wp:featuredmedia":[{"embeddable":true,"href":"https:\/\/www.galerie-scrapbooking.com\/en\/wp-json\/wp\/v2\/media\/3175"}],"wp:attachment":[{"href":"https:\/\/www.galerie-scrapbooking.com\/en\/wp-json\/wp\/v2\/media?parent=3174"}],"wp:term":[{"taxonomy":"product_brand","embeddable":true,"href":"https:\/\/www.galerie-scrapbooking.com\/en\/wp-json\/wp\/v2\/product_brand?post=3174"},{"taxonomy":"product_cat","embeddable":true,"href":"https:\/\/www.galerie-scrapbooking.com\/en\/wp-json\/wp\/v2\/product_cat?post=3174"},{"taxonomy":"product_tag","embeddable":true,"href":"https:\/\/www.galerie-scrapbooking.com\/en\/wp-json\/wp\/v2\/product_tag?post=3174"}],"curies":[{"name":"wp","href":"https:\/\/api.w.org\/{rel}","templated":true}]}}