{"id":31707,"date":"2024-03-28T08:14:06","date_gmt":"2024-03-28T12:14:06","guid":{"rendered":"https:\/\/www.galerie-scrapbooking.com\/?post_type=product&#038;p=31707"},"modified":"2026-04-20T21:12:16","modified_gmt":"2026-04-21T01:12:16","slug":"aall-and-create-decoupes-delices-ailes-papillons","status":"publish","type":"product","link":"https:\/\/www.galerie-scrapbooking.com\/en\/produit\/aall-and-create-decoupes-delices-ailes-papillons\/","title":{"rendered":"AALL And Create D\u00e9coupes D\u00e9lices ail\u00e9s &#8211; Papillons"},"content":{"rendered":"<p>Donnez un coup de pouce \u00e0 votre prochain projet avec ces formes d\u00e9coup\u00e9es d\u00e9taill\u00e9es.<\/p>\n<p>Ce paquet contient 64 \u00e9ph\u00e9m\u00e8res d\u00e9coup\u00e9s<\/p>\n","protected":false},"excerpt":{"rendered":"<p>AALL And Create Ephemera &#8211; Winged Delights<\/p>\n","protected":false},"featured_media":31708,"template":"","meta":{"_acf_changed":false},"product_brand":[],"product_cat":[431,430],"product_tag":[],"class_list":{"0":"post-31707","1":"product","2":"type-product","3":"status-publish","4":"has-post-thumbnail","6":"product_cat-die-cuts-aallandcreate","7":"product_cat-decoupes","8":"pa_brand_nc-aall-and-create","10":"first","11":"instock","12":"taxable","13":"shipping-taxable","14":"purchasable","15":"product-type-simple"},"acf":[],"aioseo_notices":[],"_links":{"self":[{"href":"https:\/\/www.galerie-scrapbooking.com\/en\/wp-json\/wp\/v2\/product\/31707","targetHints":{"allow":["GET"]}}],"collection":[{"href":"https:\/\/www.galerie-scrapbooking.com\/en\/wp-json\/wp\/v2\/product"}],"about":[{"href":"https:\/\/www.galerie-scrapbooking.com\/en\/wp-json\/wp\/v2\/types\/product"}],"wp:featuredmedia":[{"embeddable":true,"href":"https:\/\/www.galerie-scrapbooking.com\/en\/wp-json\/wp\/v2\/media\/31708"}],"wp:attachment":[{"href":"https:\/\/www.galerie-scrapbooking.com\/en\/wp-json\/wp\/v2\/media?parent=31707"}],"wp:term":[{"taxonomy":"product_brand","embeddable":true,"href":"https:\/\/www.galerie-scrapbooking.com\/en\/wp-json\/wp\/v2\/product_brand?post=31707"},{"taxonomy":"product_cat","embeddable":true,"href":"https:\/\/www.galerie-scrapbooking.com\/en\/wp-json\/wp\/v2\/product_cat?post=31707"},{"taxonomy":"product_tag","embeddable":true,"href":"https:\/\/www.galerie-scrapbooking.com\/en\/wp-json\/wp\/v2\/product_tag?post=31707"}],"curies":[{"name":"wp","href":"https:\/\/api.w.org\/{rel}","templated":true}]}}