{"id":31674,"date":"2024-03-28T08:14:07","date_gmt":"2024-03-28T12:14:07","guid":{"rendered":"https:\/\/www.galerie-scrapbooking.com\/?post_type=product&#038;p=31674"},"modified":"2024-10-23T14:09:20","modified_gmt":"2024-10-23T18:09:20","slug":"lavinia-etampe-epines-de-dragon","status":"publish","type":"product","link":"https:\/\/www.galerie-scrapbooking.com\/en\/produit\/lavinia-etampe-epines-de-dragon\/","title":{"rendered":"Lavinia \u00c9tampe \u00c9pines de Dragon"},"content":{"rendered":"<p>Un ensemble de deux \u00e9tampes silhouette d\u2019une plante \u00e9pineuse.<\/p>\n<p>Cet ensemble pr\u00e9sente un motif de vignes fris\u00e9es, id\u00e9al pour cr\u00e9er un bord de foug\u00e8re \u00e9pineux sur une carte ou pour ajouter une bordure de feuillage.<\/p>\n<p>N\u00e9cessite l&#8217;utilisation d&#8217;un bloc acrylique.<\/p>\n<p>Dimension approximative: 1.5 x 8.0 cm &#8211; 25 x 11.5 cm.<\/p>\n","protected":false},"excerpt":{"rendered":"<p>Lavinia Stamp &#8211; Dragons Thorn<\/p>\n","protected":false},"featured_media":31655,"template":"","meta":{"_acf_changed":false},"product_brand":[],"product_cat":[420,423,342],"product_tag":[],"class_list":{"0":"post-31674","1":"product","2":"type-product","3":"status-publish","4":"has-post-thumbnail","6":"product_cat-arbre-paysage","7":"product_cat-fleurs-feuillage","8":"product_cat-etampes-lavinia","9":"pa_brand_nc-lavinia","11":"first","12":"instock","13":"taxable","14":"shipping-taxable","15":"purchasable","16":"product-type-simple"},"acf":[],"aioseo_notices":[],"_links":{"self":[{"href":"https:\/\/www.galerie-scrapbooking.com\/en\/wp-json\/wp\/v2\/product\/31674","targetHints":{"allow":["GET"]}}],"collection":[{"href":"https:\/\/www.galerie-scrapbooking.com\/en\/wp-json\/wp\/v2\/product"}],"about":[{"href":"https:\/\/www.galerie-scrapbooking.com\/en\/wp-json\/wp\/v2\/types\/product"}],"wp:featuredmedia":[{"embeddable":true,"href":"https:\/\/www.galerie-scrapbooking.com\/en\/wp-json\/wp\/v2\/media\/31655"}],"wp:attachment":[{"href":"https:\/\/www.galerie-scrapbooking.com\/en\/wp-json\/wp\/v2\/media?parent=31674"}],"wp:term":[{"taxonomy":"product_brand","embeddable":true,"href":"https:\/\/www.galerie-scrapbooking.com\/en\/wp-json\/wp\/v2\/product_brand?post=31674"},{"taxonomy":"product_cat","embeddable":true,"href":"https:\/\/www.galerie-scrapbooking.com\/en\/wp-json\/wp\/v2\/product_cat?post=31674"},{"taxonomy":"product_tag","embeddable":true,"href":"https:\/\/www.galerie-scrapbooking.com\/en\/wp-json\/wp\/v2\/product_tag?post=31674"}],"curies":[{"name":"wp","href":"https:\/\/api.w.org\/{rel}","templated":true}]}}