{"id":31671,"date":"2024-03-28T08:14:07","date_gmt":"2024-03-28T12:14:07","guid":{"rendered":"https:\/\/www.galerie-scrapbooking.com\/?post_type=product&#038;p=31671"},"modified":"2024-10-23T14:09:16","modified_gmt":"2024-10-23T18:09:16","slug":"lavinia-etampe-arches-forestiere","status":"publish","type":"product","link":"https:\/\/www.galerie-scrapbooking.com\/en\/produit\/lavinia-etampe-arches-forestiere\/","title":{"rendered":"Lavinia \u00c9tampe Arche foresti\u00e8re"},"content":{"rendered":"<p>Une seule \u00e9tampe pr\u00e9sentant une illustration complexe d\u2019une arche avec des fleurs ajout\u00e9es.<\/p>\n<p>L&#8217;arche est cr\u00e9\u00e9e \u00e0 partir de vignes tress\u00e9es. Il est parfait pour apposer une \u00e9tampe de f\u00e9e ou encore une des souris. Il est \u00e9galement id\u00e9al pour une utilisation dans les cartes de bapt\u00eame ou de mariage.<\/p>\n<p>N\u00e9cessite l&#8217;utilisation d&#8217;un bloc acrylique.<\/p>\n<p>Dimension approximative: 10.0 x 5.0 cm.<\/p>\n","protected":false},"excerpt":{"rendered":"<p>Lavinia Stamp &#8211; Forest Arch<\/p>\n","protected":false},"featured_media":31625,"template":"","meta":{"_acf_changed":false},"product_brand":[],"product_cat":[420,342,424],"product_tag":[],"class_list":{"0":"post-31671","1":"product","2":"type-product","3":"status-publish","4":"has-post-thumbnail","6":"product_cat-arbre-paysage","7":"product_cat-etampes-lavinia","8":"product_cat-mystique-zen","9":"pa_brand_nc-lavinia","11":"first","12":"instock","13":"taxable","14":"shipping-taxable","15":"purchasable","16":"product-type-simple"},"acf":[],"aioseo_notices":[],"_links":{"self":[{"href":"https:\/\/www.galerie-scrapbooking.com\/en\/wp-json\/wp\/v2\/product\/31671","targetHints":{"allow":["GET"]}}],"collection":[{"href":"https:\/\/www.galerie-scrapbooking.com\/en\/wp-json\/wp\/v2\/product"}],"about":[{"href":"https:\/\/www.galerie-scrapbooking.com\/en\/wp-json\/wp\/v2\/types\/product"}],"wp:featuredmedia":[{"embeddable":true,"href":"https:\/\/www.galerie-scrapbooking.com\/en\/wp-json\/wp\/v2\/media\/31625"}],"wp:attachment":[{"href":"https:\/\/www.galerie-scrapbooking.com\/en\/wp-json\/wp\/v2\/media?parent=31671"}],"wp:term":[{"taxonomy":"product_brand","embeddable":true,"href":"https:\/\/www.galerie-scrapbooking.com\/en\/wp-json\/wp\/v2\/product_brand?post=31671"},{"taxonomy":"product_cat","embeddable":true,"href":"https:\/\/www.galerie-scrapbooking.com\/en\/wp-json\/wp\/v2\/product_cat?post=31671"},{"taxonomy":"product_tag","embeddable":true,"href":"https:\/\/www.galerie-scrapbooking.com\/en\/wp-json\/wp\/v2\/product_tag?post=31671"}],"curies":[{"name":"wp","href":"https:\/\/api.w.org\/{rel}","templated":true}]}}