{"id":31669,"date":"2024-03-28T08:14:07","date_gmt":"2024-03-28T12:14:07","guid":{"rendered":"https:\/\/www.galerie-scrapbooking.com\/?post_type=product&#038;p=31669"},"modified":"2025-07-08T12:11:19","modified_gmt":"2025-07-08T16:11:19","slug":"lavinia-etampe-bourgeons-de-fleurs-botaniques","status":"publish","type":"product","link":"https:\/\/www.galerie-scrapbooking.com\/en\/produit\/lavinia-etampe-bourgeons-de-fleurs-botaniques\/","title":{"rendered":"Lavinia \u00c9tampe Bourgeons de Fleurs botaniques"},"content":{"rendered":"<p>Un ensemble de deux \u00e9tampes pr\u00e9sentant une illustration d&#8217;une plus petite section de fleurs ressemblant \u00e0 des plumes de paon et d&#8217;un bourgeon.<\/p>\n<p>Ces \u00e9tampes sont magnifiquement d\u00e9taill\u00e9es avec des vrilles d\u00e9filantes, des points et des p\u00e9tales de fleurs \u00e0 motifs. Le bourgeon est parfait pour cr\u00e9er une t\u00eate de papillon volant f\u00e9erique lorsqu\u2019il est ajout\u00e9 au tampon Fleurs botaniques.<\/p>\n<p>Utilisez la section des fleurs pour cr\u00e9er un motif r\u00e9p\u00e9titif ou une aile de papillon plus petite.<\/p>\n<p>N\u00e9cessite l&#8217;utilisation d&#8217;un bloc acrylique.<\/p>\n<p>Dimension approximative: 5.0 x 5.0cm &#8211; 4.5 x 2.0 cm.<\/p>\n","protected":false},"excerpt":{"rendered":"<p>Lavinia Stamp &#8211; Botanical Blossoms Bud<\/p>\n","protected":false},"featured_media":31647,"template":"","meta":{"_acf_changed":false},"product_brand":[],"product_cat":[420,423,342],"product_tag":[],"class_list":{"0":"post-31669","1":"product","2":"type-product","3":"status-publish","4":"has-post-thumbnail","6":"product_cat-arbre-paysage","7":"product_cat-fleurs-feuillage","8":"product_cat-etampes-lavinia","9":"pa_brand_nc-lavinia","11":"first","12":"instock","13":"taxable","14":"shipping-taxable","15":"purchasable","16":"product-type-simple"},"acf":[],"aioseo_notices":[],"_links":{"self":[{"href":"https:\/\/www.galerie-scrapbooking.com\/en\/wp-json\/wp\/v2\/product\/31669","targetHints":{"allow":["GET"]}}],"collection":[{"href":"https:\/\/www.galerie-scrapbooking.com\/en\/wp-json\/wp\/v2\/product"}],"about":[{"href":"https:\/\/www.galerie-scrapbooking.com\/en\/wp-json\/wp\/v2\/types\/product"}],"wp:featuredmedia":[{"embeddable":true,"href":"https:\/\/www.galerie-scrapbooking.com\/en\/wp-json\/wp\/v2\/media\/31647"}],"wp:attachment":[{"href":"https:\/\/www.galerie-scrapbooking.com\/en\/wp-json\/wp\/v2\/media?parent=31669"}],"wp:term":[{"taxonomy":"product_brand","embeddable":true,"href":"https:\/\/www.galerie-scrapbooking.com\/en\/wp-json\/wp\/v2\/product_brand?post=31669"},{"taxonomy":"product_cat","embeddable":true,"href":"https:\/\/www.galerie-scrapbooking.com\/en\/wp-json\/wp\/v2\/product_cat?post=31669"},{"taxonomy":"product_tag","embeddable":true,"href":"https:\/\/www.galerie-scrapbooking.com\/en\/wp-json\/wp\/v2\/product_tag?post=31669"}],"curies":[{"name":"wp","href":"https:\/\/api.w.org\/{rel}","templated":true}]}}