{"id":31666,"date":"2024-03-28T08:14:07","date_gmt":"2024-03-28T12:14:07","guid":{"rendered":"https:\/\/www.galerie-scrapbooking.com\/?post_type=product&#038;p=31666"},"modified":"2024-10-23T14:11:27","modified_gmt":"2024-10-23T18:11:27","slug":"lavinia-etampe-pont-sacre-petit","status":"publish","type":"product","link":"https:\/\/www.galerie-scrapbooking.com\/en\/produit\/lavinia-etampe-pont-sacre-petit\/","title":{"rendered":"Lavinia \u00c9tampe Pont Sacr\u00e9 petit"},"content":{"rendered":"<pre id=\"tw-target-text\" class=\"tw-data-text tw-text-large tw-ta\" dir=\"ltr\" data-placeholder=\"Traduction\" aria-label=\"Texte traduit\" data-ved=\"2ahUKEwiHpNjWsoiFAxX8FVkFHWM-BIQQ3ewLegQIBRAT\"><span class=\"Y2IQFc\" lang=\"fr\">Une seule \u00e9tampe repr\u00e9sentant une illustration d\u2019un pont. Disponible en deux tailles, c'est le plus petit.\r\n\r\nLe pont est constitu\u00e9 d\u2019une collection de branches et de vignes tress\u00e9es. Il est parfait pour y poser une f\u00e9e ou pour y suspendre des charmes de f\u00e9e.\r\n\r\nAvec une d\u00e9licate all\u00e9e cl\u00f4tur\u00e9e au-dessus et des pierres \u00e0 la base, il est parfait pour placer deux cygnes en dessous ou ajouter quelques joncs \u00e0 la base.<\/span><\/pre>\n<p>N\u00e9cessite l&#8217;utilisation d&#8217;un bloc acrylique.<\/p>\n<p>Dimension approximative: 7.5 x 3.5 cm.<\/p>\n","protected":false},"excerpt":{"rendered":"<p>Lavinia Stamp &#8211; Sacred Bridge<\/p>\n","protected":false},"featured_media":31659,"template":"","meta":{"_acf_changed":false},"product_brand":[],"product_cat":[420,342,424],"product_tag":[],"class_list":{"0":"post-31666","1":"product","2":"type-product","3":"status-publish","4":"has-post-thumbnail","6":"product_cat-arbre-paysage","7":"product_cat-etampes-lavinia","8":"product_cat-mystique-zen","9":"pa_brand_nc-lavinia","11":"first","12":"instock","13":"taxable","14":"shipping-taxable","15":"purchasable","16":"product-type-simple"},"acf":[],"aioseo_notices":[],"_links":{"self":[{"href":"https:\/\/www.galerie-scrapbooking.com\/en\/wp-json\/wp\/v2\/product\/31666","targetHints":{"allow":["GET"]}}],"collection":[{"href":"https:\/\/www.galerie-scrapbooking.com\/en\/wp-json\/wp\/v2\/product"}],"about":[{"href":"https:\/\/www.galerie-scrapbooking.com\/en\/wp-json\/wp\/v2\/types\/product"}],"wp:featuredmedia":[{"embeddable":true,"href":"https:\/\/www.galerie-scrapbooking.com\/en\/wp-json\/wp\/v2\/media\/31659"}],"wp:attachment":[{"href":"https:\/\/www.galerie-scrapbooking.com\/en\/wp-json\/wp\/v2\/media?parent=31666"}],"wp:term":[{"taxonomy":"product_brand","embeddable":true,"href":"https:\/\/www.galerie-scrapbooking.com\/en\/wp-json\/wp\/v2\/product_brand?post=31666"},{"taxonomy":"product_cat","embeddable":true,"href":"https:\/\/www.galerie-scrapbooking.com\/en\/wp-json\/wp\/v2\/product_cat?post=31666"},{"taxonomy":"product_tag","embeddable":true,"href":"https:\/\/www.galerie-scrapbooking.com\/en\/wp-json\/wp\/v2\/product_tag?post=31666"}],"curies":[{"name":"wp","href":"https:\/\/api.w.org\/{rel}","templated":true}]}}