{"id":31664,"date":"2024-03-28T08:14:07","date_gmt":"2024-03-28T12:14:07","guid":{"rendered":"https:\/\/www.galerie-scrapbooking.com\/?post_type=product&#038;p=31664"},"modified":"2026-04-15T18:18:14","modified_gmt":"2026-04-15T22:18:14","slug":"lavinia-etampe-dana","status":"publish","type":"product","link":"https:\/\/www.galerie-scrapbooking.com\/en\/produit\/lavinia-etampe-dana\/","title":{"rendered":"Lavinia \u00c9tampe Dana"},"content":{"rendered":"<h1>Lavinia \u00c9tampe Dana<\/h1>\n<p>Une seule silhouette d&#8217;une toute petite f\u00e9e tenant une lampe.<\/p>\n<p>Cette f\u00e9e a des ailes magnifiquement d\u00e9taill\u00e9es et des vrilles qui coulent de sa t\u00eate.<\/p>\n<p>Le tampon parfait \u00e0 placer dans une bouteille ou peut-\u00eatre \u00e0 faire du stop sur le dos d&#8217;un cygne.<\/p>\n<p>N\u00e9cessite l&#8217;utilisation d&#8217;un bloc acrylique.<\/p>\n<p>Dimension approximative: 3.0 x 2.0 cm.<\/p>\n","protected":false},"excerpt":{"rendered":"<p>Lavinia Stamp &#8211; Dana<\/p>\n","protected":false},"featured_media":31635,"template":"","meta":{"_acf_changed":false},"product_brand":[],"product_cat":[422,342],"product_tag":[],"class_list":{"0":"post-31664","1":"product","2":"type-product","3":"status-publish","4":"has-post-thumbnail","6":"product_cat-fees","7":"product_cat-etampes-lavinia","8":"pa_brand_nc-lavinia","10":"first","11":"instock","12":"taxable","13":"shipping-taxable","14":"purchasable","15":"product-type-simple"},"acf":[],"aioseo_notices":[],"_links":{"self":[{"href":"https:\/\/www.galerie-scrapbooking.com\/en\/wp-json\/wp\/v2\/product\/31664","targetHints":{"allow":["GET"]}}],"collection":[{"href":"https:\/\/www.galerie-scrapbooking.com\/en\/wp-json\/wp\/v2\/product"}],"about":[{"href":"https:\/\/www.galerie-scrapbooking.com\/en\/wp-json\/wp\/v2\/types\/product"}],"wp:featuredmedia":[{"embeddable":true,"href":"https:\/\/www.galerie-scrapbooking.com\/en\/wp-json\/wp\/v2\/media\/31635"}],"wp:attachment":[{"href":"https:\/\/www.galerie-scrapbooking.com\/en\/wp-json\/wp\/v2\/media?parent=31664"}],"wp:term":[{"taxonomy":"product_brand","embeddable":true,"href":"https:\/\/www.galerie-scrapbooking.com\/en\/wp-json\/wp\/v2\/product_brand?post=31664"},{"taxonomy":"product_cat","embeddable":true,"href":"https:\/\/www.galerie-scrapbooking.com\/en\/wp-json\/wp\/v2\/product_cat?post=31664"},{"taxonomy":"product_tag","embeddable":true,"href":"https:\/\/www.galerie-scrapbooking.com\/en\/wp-json\/wp\/v2\/product_tag?post=31664"}],"curies":[{"name":"wp","href":"https:\/\/api.w.org\/{rel}","templated":true}]}}