{"id":31431,"date":"2024-03-13T10:30:41","date_gmt":"2024-03-13T14:30:41","guid":{"rendered":"https:\/\/www.galerie-scrapbooking.com\/?post_type=product&#038;p=31431"},"modified":"2025-03-17T16:38:18","modified_gmt":"2025-03-17T20:38:18","slug":"aall-and-create-decoupes-bonbons-beignets","status":"publish","type":"product","link":"https:\/\/www.galerie-scrapbooking.com\/en\/produit\/aall-and-create-decoupes-bonbons-beignets\/","title":{"rendered":"AALL And Create D\u00e9coupes Bonbons &#038; Beignets"},"content":{"rendered":"<p>Donnez un coup de pouce \u00e0 votre prochain projet avec ces formes d\u00e9coup\u00e9es d\u00e9taill\u00e9es.<\/p>\n<p>Ce paquet contient 101 \u00e9ph\u00e9m\u00e8res d\u00e9coup\u00e9s<\/p>\n","protected":false},"excerpt":{"rendered":"<p>AALL And Create Ephemera &#8211; Candies &#038; Doughnuts<\/p>\n","protected":false},"featured_media":31432,"template":"","meta":{"_acf_changed":false},"product_brand":[],"product_cat":[431,430],"product_tag":[],"class_list":{"0":"post-31431","1":"product","2":"type-product","3":"status-publish","4":"has-post-thumbnail","6":"product_cat-die-cuts-aallandcreate","7":"product_cat-decoupes","8":"pa_brand_nc-aall-and-create","10":"first","11":"instock","12":"taxable","13":"shipping-taxable","14":"purchasable","15":"product-type-simple"},"acf":[],"aioseo_notices":[],"_links":{"self":[{"href":"https:\/\/www.galerie-scrapbooking.com\/en\/wp-json\/wp\/v2\/product\/31431","targetHints":{"allow":["GET"]}}],"collection":[{"href":"https:\/\/www.galerie-scrapbooking.com\/en\/wp-json\/wp\/v2\/product"}],"about":[{"href":"https:\/\/www.galerie-scrapbooking.com\/en\/wp-json\/wp\/v2\/types\/product"}],"wp:featuredmedia":[{"embeddable":true,"href":"https:\/\/www.galerie-scrapbooking.com\/en\/wp-json\/wp\/v2\/media\/31432"}],"wp:attachment":[{"href":"https:\/\/www.galerie-scrapbooking.com\/en\/wp-json\/wp\/v2\/media?parent=31431"}],"wp:term":[{"taxonomy":"product_brand","embeddable":true,"href":"https:\/\/www.galerie-scrapbooking.com\/en\/wp-json\/wp\/v2\/product_brand?post=31431"},{"taxonomy":"product_cat","embeddable":true,"href":"https:\/\/www.galerie-scrapbooking.com\/en\/wp-json\/wp\/v2\/product_cat?post=31431"},{"taxonomy":"product_tag","embeddable":true,"href":"https:\/\/www.galerie-scrapbooking.com\/en\/wp-json\/wp\/v2\/product_tag?post=31431"}],"curies":[{"name":"wp","href":"https:\/\/api.w.org\/{rel}","templated":true}]}}