{"id":31424,"date":"2024-03-13T10:25:03","date_gmt":"2024-03-13T14:25:03","guid":{"rendered":"https:\/\/www.galerie-scrapbooking.com\/?post_type=product&#038;p=31424"},"modified":"2024-08-14T08:08:54","modified_gmt":"2024-08-14T12:08:54","slug":"sizzix-die-framelits-rectangles-deco","status":"publish","type":"product","link":"https:\/\/www.galerie-scrapbooking.com\/en\/produit\/sizzix-die-framelits-rectangles-deco\/","title":{"rendered":"Sizzix Die Framelits Rectangles d\u00e9co"},"content":{"rendered":"<p>Un ensemble de cadres rectangulaires incontournables devrait \u00eatre dans la r\u00e9serve de tout artisan. <\/p>\n<p>Cet ensemble ajoute une touche fantaisiste avec un motif en relief intelligent qui fait passer votre cr\u00e9ation au niveau sup\u00e9rieur. Parfait pour presque tous les projets de scrapbooking.<\/p>\n<p>Ces matrices sont compatibles avec la Switch, Sizzix BIGkick, BigShot, Vagabond et Big Shot Pro.<br \/>\n98 matrices de d\u00e9coupe par paquet<\/p>\n<p>Dimensions approximatives:<\/p>\n<p>4 1\/4\u201d x 6 1\/8\u201d &#8211; 1\/2\u201d x 2 3\/8\u201d<\/p>\n","protected":false},"excerpt":{"rendered":"<p>Sizzix\u00ae Framelits\u00ae Die Set 9PK  &#8211; Renee Deco Rectangles by Stacey Park<\/p>\n","protected":false},"featured_media":31425,"template":"","meta":{"_acf_changed":false},"product_brand":[],"product_cat":[87,255],"product_tag":[],"class_list":{"0":"post-31424","1":"product","2":"type-product","3":"status-publish","4":"has-post-thumbnail","6":"product_cat-sizzix","7":"product_cat-matrices-thinlits-framelits-sizzix","8":"pa_brand_nc-sizzix","10":"first","11":"instock","12":"taxable","13":"shipping-taxable","14":"purchasable","15":"product-type-simple"},"acf":[],"aioseo_notices":[],"_links":{"self":[{"href":"https:\/\/www.galerie-scrapbooking.com\/en\/wp-json\/wp\/v2\/product\/31424","targetHints":{"allow":["GET"]}}],"collection":[{"href":"https:\/\/www.galerie-scrapbooking.com\/en\/wp-json\/wp\/v2\/product"}],"about":[{"href":"https:\/\/www.galerie-scrapbooking.com\/en\/wp-json\/wp\/v2\/types\/product"}],"wp:featuredmedia":[{"embeddable":true,"href":"https:\/\/www.galerie-scrapbooking.com\/en\/wp-json\/wp\/v2\/media\/31425"}],"wp:attachment":[{"href":"https:\/\/www.galerie-scrapbooking.com\/en\/wp-json\/wp\/v2\/media?parent=31424"}],"wp:term":[{"taxonomy":"product_brand","embeddable":true,"href":"https:\/\/www.galerie-scrapbooking.com\/en\/wp-json\/wp\/v2\/product_brand?post=31424"},{"taxonomy":"product_cat","embeddable":true,"href":"https:\/\/www.galerie-scrapbooking.com\/en\/wp-json\/wp\/v2\/product_cat?post=31424"},{"taxonomy":"product_tag","embeddable":true,"href":"https:\/\/www.galerie-scrapbooking.com\/en\/wp-json\/wp\/v2\/product_tag?post=31424"}],"curies":[{"name":"wp","href":"https:\/\/api.w.org\/{rel}","templated":true}]}}