{"id":31416,"date":"2024-03-13T10:18:12","date_gmt":"2024-03-13T14:18:12","guid":{"rendered":"https:\/\/www.galerie-scrapbooking.com\/?post_type=product&#038;p=31416"},"modified":"2024-08-14T08:09:00","modified_gmt":"2024-08-14T12:09:00","slug":"sizzix-die-framelits-rectangles-fantaisistes-pointilles","status":"publish","type":"product","link":"https:\/\/www.galerie-scrapbooking.com\/en\/produit\/sizzix-die-framelits-rectangles-fantaisistes-pointilles\/","title":{"rendered":"Sizzix Die Framelits Rectangles fantaisistes pointill\u00e9s"},"content":{"rendered":"<p>Cette forme de matrices est l&#8217;arme secr\u00e8te de tout artisan pour obtenir de superbes r\u00e9sultats professionnels dans toutes vos cr\u00e9ations, mais avec le motif pointill\u00e9 en relief fantaisiste du design Doris de Stacey Park, vous ferez passer vos projets d&#8217;artisanat au niveau sup\u00e9rieur.<\/p>\n<p>Ces matrices sont compatibles avec la Switch, Sizzix BIGkick, BigShot, Vagabond et Big Shot Pro.<\/p>\n<p>8 matrices de d\u00e9coupe par paquet<\/p>\n<p>Dimensions approximatives:<\/p>\n<p>4 1\/4\u201d x 6 1\/8\u201d &#8211; 1 1\/4\u201d x 3\u201d <\/p>\n","protected":false},"excerpt":{"rendered":"<p>Sizzix\u00ae Framelits\u00ae Die Set 8PK  &#8211; Doris Dotted Top Note by Stacey Park<\/p>\n","protected":false},"featured_media":31418,"template":"","meta":{"_acf_changed":false},"product_brand":[],"product_cat":[87,255],"product_tag":[],"class_list":{"0":"post-31416","1":"product","2":"type-product","3":"status-publish","4":"has-post-thumbnail","6":"product_cat-sizzix","7":"product_cat-matrices-thinlits-framelits-sizzix","8":"pa_brand_nc-sizzix","10":"first","11":"instock","12":"taxable","13":"shipping-taxable","14":"purchasable","15":"product-type-simple"},"acf":[],"aioseo_notices":[],"_links":{"self":[{"href":"https:\/\/www.galerie-scrapbooking.com\/en\/wp-json\/wp\/v2\/product\/31416","targetHints":{"allow":["GET"]}}],"collection":[{"href":"https:\/\/www.galerie-scrapbooking.com\/en\/wp-json\/wp\/v2\/product"}],"about":[{"href":"https:\/\/www.galerie-scrapbooking.com\/en\/wp-json\/wp\/v2\/types\/product"}],"wp:featuredmedia":[{"embeddable":true,"href":"https:\/\/www.galerie-scrapbooking.com\/en\/wp-json\/wp\/v2\/media\/31418"}],"wp:attachment":[{"href":"https:\/\/www.galerie-scrapbooking.com\/en\/wp-json\/wp\/v2\/media?parent=31416"}],"wp:term":[{"taxonomy":"product_brand","embeddable":true,"href":"https:\/\/www.galerie-scrapbooking.com\/en\/wp-json\/wp\/v2\/product_brand?post=31416"},{"taxonomy":"product_cat","embeddable":true,"href":"https:\/\/www.galerie-scrapbooking.com\/en\/wp-json\/wp\/v2\/product_cat?post=31416"},{"taxonomy":"product_tag","embeddable":true,"href":"https:\/\/www.galerie-scrapbooking.com\/en\/wp-json\/wp\/v2\/product_tag?post=31416"}],"curies":[{"name":"wp","href":"https:\/\/api.w.org\/{rel}","templated":true}]}}