{"id":31279,"date":"2024-02-28T08:30:39","date_gmt":"2024-02-28T13:30:39","guid":{"rendered":"https:\/\/www.galerie-scrapbooking.com\/?post_type=product&#038;p=31279"},"modified":"2024-08-14T08:09:11","modified_gmt":"2024-08-14T12:09:11","slug":"spellbinders-plaque-dembossage-3d-abeilles","status":"publish","type":"product","link":"https:\/\/www.galerie-scrapbooking.com\/en\/produit\/spellbinders-plaque-dembossage-3d-abeilles\/","title":{"rendered":"Spellbinders Plaque d&#8217;embossage 3D Abeilles"},"content":{"rendered":"<p>Le dossier de gaufrage 3D Bee-Cause est un dossier de gaufrage de 5,50 x 8,50 pouces qui comporte des motifs en nid d&#8217;abeille plac\u00e9s de mani\u00e8re al\u00e9atoire sur le dossier avec des abeilles accentu\u00e9es autour du motif.<\/p>\n<p>Un arri\u00e8re-plan unique pour tout projet sur le th\u00e8me du jardin. Ce dossier de gaufrage 3D polyvalent peut texturer une surface de diff\u00e9rentes tailles de cartes, du format A2 (4,25 x 5,5 pouces) au format Slimline (3,5 x 8,5 pouces).<\/p>\n<p>Pour une impression plus d\u00e9taill\u00e9e, vaporisez l\u00e9g\u00e8rement le papier cartonn\u00e9 avec de l&#8217;eau avant de gaufrer. Ce n&#8217;est pas seulement votre dossier de gaufrage ordinaire !<\/p>\n<p>Taille approximative : 5,50 x 8,50 pouces\/13,97 x 21,60 cm<\/p>\n","protected":false},"excerpt":{"rendered":"<p>Spellbinders 3D Embossing Folder 5.5&#8243;x8.5&#8243; &#8211; Bee-Cause, Through The Arbor Garden<\/p>\n","protected":false},"featured_media":31280,"template":"","meta":{"_acf_changed":false},"product_brand":[],"product_cat":[202,196,86,205],"product_tag":[],"class_list":{"0":"post-31279","1":"product","2":"type-product","3":"status-publish","4":"has-post-thumbnail","6":"product_cat-plaques-embossage","7":"product_cat-m-bossabilities-spellbinders-embossage","8":"product_cat-spellbinders","9":"product_cat-embossage-spellbinders","10":"pa_brand_nc-spellbinders","12":"first","13":"instock","14":"taxable","15":"shipping-taxable","16":"purchasable","17":"product-type-simple"},"acf":[],"aioseo_notices":[],"_links":{"self":[{"href":"https:\/\/www.galerie-scrapbooking.com\/en\/wp-json\/wp\/v2\/product\/31279","targetHints":{"allow":["GET"]}}],"collection":[{"href":"https:\/\/www.galerie-scrapbooking.com\/en\/wp-json\/wp\/v2\/product"}],"about":[{"href":"https:\/\/www.galerie-scrapbooking.com\/en\/wp-json\/wp\/v2\/types\/product"}],"wp:featuredmedia":[{"embeddable":true,"href":"https:\/\/www.galerie-scrapbooking.com\/en\/wp-json\/wp\/v2\/media\/31280"}],"wp:attachment":[{"href":"https:\/\/www.galerie-scrapbooking.com\/en\/wp-json\/wp\/v2\/media?parent=31279"}],"wp:term":[{"taxonomy":"product_brand","embeddable":true,"href":"https:\/\/www.galerie-scrapbooking.com\/en\/wp-json\/wp\/v2\/product_brand?post=31279"},{"taxonomy":"product_cat","embeddable":true,"href":"https:\/\/www.galerie-scrapbooking.com\/en\/wp-json\/wp\/v2\/product_cat?post=31279"},{"taxonomy":"product_tag","embeddable":true,"href":"https:\/\/www.galerie-scrapbooking.com\/en\/wp-json\/wp\/v2\/product_tag?post=31279"}],"curies":[{"name":"wp","href":"https:\/\/api.w.org\/{rel}","templated":true}]}}