{"id":31268,"date":"2024-02-28T08:15:51","date_gmt":"2024-02-28T13:15:51","guid":{"rendered":"https:\/\/www.galerie-scrapbooking.com\/?post_type=product&#038;p=31268"},"modified":"2024-08-14T08:09:31","modified_gmt":"2024-08-14T12:09:31","slug":"little-birdie-fleurs-en-papier-chants-de-la-mer","status":"publish","type":"product","link":"https:\/\/www.galerie-scrapbooking.com\/en\/produit\/little-birdie-fleurs-en-papier-chants-de-la-mer\/","title":{"rendered":"Little Birdie Fleurs en papier Chants de la Mer"},"content":{"rendered":"<p>Ces fleurs fabriqu\u00e9es \u00e0 la main sont des embellissements parfaits pour ajouter une touche florale classique aux projets.<\/p>\n<p>Vous pouvez les utiliser dans des mises en page de scrapbooking, des cartes, des projets de d\u00e9coration, des \u00e9tiquettes, des supports mixtes, des emballages cadeaux et tout autre projet cr\u00e9atif.<\/p>\n<p>Utilisez-les telles quelles ou personnalisez-les avec des encres, des peintures et des paillettes pour correspondre \u00e0 votre cr\u00e9ation.<\/p>\n<p>Paquet de 50 fleurs.<\/p>\n","protected":false},"excerpt":{"rendered":"<p>Little Birdie Embossed Daisies Paper Flowers 50\/Pkg<\/p>\n","protected":false},"featured_media":31269,"template":"","meta":{"_acf_changed":false},"product_brand":[],"product_cat":[2064],"product_tag":[],"class_list":{"0":"post-31268","1":"product","2":"type-product","3":"status-publish","4":"has-post-thumbnail","6":"product_cat-little-birdie-embellisements","7":"pa_brand_nc-little-birdie","9":"first","10":"instock","11":"taxable","12":"shipping-taxable","13":"purchasable","14":"product-type-simple"},"acf":[],"aioseo_notices":[],"_links":{"self":[{"href":"https:\/\/www.galerie-scrapbooking.com\/en\/wp-json\/wp\/v2\/product\/31268","targetHints":{"allow":["GET"]}}],"collection":[{"href":"https:\/\/www.galerie-scrapbooking.com\/en\/wp-json\/wp\/v2\/product"}],"about":[{"href":"https:\/\/www.galerie-scrapbooking.com\/en\/wp-json\/wp\/v2\/types\/product"}],"wp:featuredmedia":[{"embeddable":true,"href":"https:\/\/www.galerie-scrapbooking.com\/en\/wp-json\/wp\/v2\/media\/31269"}],"wp:attachment":[{"href":"https:\/\/www.galerie-scrapbooking.com\/en\/wp-json\/wp\/v2\/media?parent=31268"}],"wp:term":[{"taxonomy":"product_brand","embeddable":true,"href":"https:\/\/www.galerie-scrapbooking.com\/en\/wp-json\/wp\/v2\/product_brand?post=31268"},{"taxonomy":"product_cat","embeddable":true,"href":"https:\/\/www.galerie-scrapbooking.com\/en\/wp-json\/wp\/v2\/product_cat?post=31268"},{"taxonomy":"product_tag","embeddable":true,"href":"https:\/\/www.galerie-scrapbooking.com\/en\/wp-json\/wp\/v2\/product_tag?post=31268"}],"curies":[{"name":"wp","href":"https:\/\/api.w.org\/{rel}","templated":true}]}}