{"id":31262,"date":"2024-02-28T08:06:12","date_gmt":"2024-02-28T13:06:12","guid":{"rendered":"https:\/\/www.galerie-scrapbooking.com\/?post_type=product&#038;p=31262"},"modified":"2024-10-04T14:57:16","modified_gmt":"2024-10-04T18:57:16","slug":"wow-poudre-embossage-the-violetera","status":"publish","type":"product","link":"https:\/\/www.galerie-scrapbooking.com\/en\/produit\/wow-poudre-embossage-the-violetera\/","title":{"rendered":"WOW Poudre embossage The Violetera"},"content":{"rendered":"<p>Les poudres \u00e0 embosser sont le moyen id\u00e9al pour ajouter de l&#8217;\u00e9clat et une image en relief aux pages de scrapbooking, aux cartes de v\u0153ux, aux techniques mixtes, aux \u0153uvres d&#8217;art modifi\u00e9es et bien plus encore !<\/p>\n<p>Saupoudrez sur de l&#8217;encre humide, chauffez et voyez la magie monter, briller et scintiller !<\/p>\n<p>Disponible dans une vari\u00e9t\u00e9 de couleurs et de styles.<\/p>\n<p>Pot de 15 ml.<\/p>\n","protected":false},"excerpt":{"rendered":"<p>WOW! Embossing Powder 15ml<\/p>\n","protected":false},"featured_media":31263,"template":"","meta":{"_acf_changed":false},"product_brand":[],"product_cat":[111,320],"product_tag":[],"class_list":{"0":"post-31262","1":"product","2":"type-product","3":"status-publish","4":"has-post-thumbnail","6":"product_cat-embossage-scrapbooking","7":"product_cat-poudre-embossage-wow","8":"pa_brand_nc-wow","10":"first","11":"instock","12":"taxable","13":"shipping-taxable","14":"purchasable","15":"product-type-simple"},"acf":[],"aioseo_notices":[],"_links":{"self":[{"href":"https:\/\/www.galerie-scrapbooking.com\/en\/wp-json\/wp\/v2\/product\/31262","targetHints":{"allow":["GET"]}}],"collection":[{"href":"https:\/\/www.galerie-scrapbooking.com\/en\/wp-json\/wp\/v2\/product"}],"about":[{"href":"https:\/\/www.galerie-scrapbooking.com\/en\/wp-json\/wp\/v2\/types\/product"}],"wp:featuredmedia":[{"embeddable":true,"href":"https:\/\/www.galerie-scrapbooking.com\/en\/wp-json\/wp\/v2\/media\/31263"}],"wp:attachment":[{"href":"https:\/\/www.galerie-scrapbooking.com\/en\/wp-json\/wp\/v2\/media?parent=31262"}],"wp:term":[{"taxonomy":"product_brand","embeddable":true,"href":"https:\/\/www.galerie-scrapbooking.com\/en\/wp-json\/wp\/v2\/product_brand?post=31262"},{"taxonomy":"product_cat","embeddable":true,"href":"https:\/\/www.galerie-scrapbooking.com\/en\/wp-json\/wp\/v2\/product_cat?post=31262"},{"taxonomy":"product_tag","embeddable":true,"href":"https:\/\/www.galerie-scrapbooking.com\/en\/wp-json\/wp\/v2\/product_tag?post=31262"}],"curies":[{"name":"wp","href":"https:\/\/api.w.org\/{rel}","templated":true}]}}