{"id":31176,"date":"2024-02-22T09:31:38","date_gmt":"2024-02-22T14:31:38","guid":{"rendered":"https:\/\/www.galerie-scrapbooking.com\/?post_type=product&#038;p=31176"},"modified":"2025-03-24T15:43:02","modified_gmt":"2025-03-24T19:43:02","slug":"lavinia-4-stencils-autocollants-6","status":"publish","type":"product","link":"https:\/\/www.galerie-scrapbooking.com\/en\/produit\/lavinia-4-stencils-autocollants-6\/","title":{"rendered":"Lavinia 4 Stencils Autocollants #6"},"content":{"rendered":"<h1>Lavinia 4 Stencils Autocollants #6<\/h1>\n<p>Quatre stencils autocollants pouvant \u00eatre utilis\u00e9s comme positif et n\u00e9gatif. Repositionnables, r\u00e9utilisables et essuyables, ils sont parfaits pour les projets de cartes, de journalisation, de scrapbooking et autres projets cr\u00e9atifs.<\/p>\n<p>Vous pouvez d\u00e9sormais cr\u00e9er votre propre monde dans une bouteille, un terrarium f\u00e9erique ou m\u00eame tamponner votre propre message dans une bouteille, \u00e0 vous de choisir !<\/p>\n<p>Compl\u00e9tez le look en ajoutant un bouchon du jeu d&#8217;\u00e9tampes \u00ab Bouchons \u00bb, car ces bouchons s&#8217;adaptent aux deux jeux de stencils autocollants pour bouteilles.<\/p>\n<p>Pack de quatre pochoirs<\/p>\n<p>Taille: 150x150mm<\/p>\n<p>&nbsp;<\/p>\n<p>Video de d\u00e9monstration:<\/p>\n<p><iframe loading=\"lazy\" title=\"YouTube video player\" src=\"https:\/\/www.youtube.com\/embed\/LrwieLiQNF4?si=plfWAaW2V7EnzkHE\" width=\"560\" height=\"315\" frameborder=\"0\" allowfullscreen=\"allowfullscreen\"><\/iframe><\/p>\n","protected":false},"excerpt":{"rendered":"<p>Lavinia Sticker Stencils 15.0 x 15.0 cm<\/p>\n","protected":false},"featured_media":31179,"template":"","meta":{"_acf_changed":false},"product_brand":[],"product_cat":[379,105],"product_tag":[],"class_list":{"0":"post-31176","1":"product","2":"type-product","3":"status-publish","4":"has-post-thumbnail","6":"product_cat-stencil-lavinia","7":"product_cat-masques-scrapbooking","8":"pa_brand_nc-lavinia","10":"first","11":"instock","12":"taxable","13":"shipping-taxable","14":"purchasable","15":"product-type-simple"},"acf":[],"aioseo_notices":[],"_links":{"self":[{"href":"https:\/\/www.galerie-scrapbooking.com\/en\/wp-json\/wp\/v2\/product\/31176","targetHints":{"allow":["GET"]}}],"collection":[{"href":"https:\/\/www.galerie-scrapbooking.com\/en\/wp-json\/wp\/v2\/product"}],"about":[{"href":"https:\/\/www.galerie-scrapbooking.com\/en\/wp-json\/wp\/v2\/types\/product"}],"wp:featuredmedia":[{"embeddable":true,"href":"https:\/\/www.galerie-scrapbooking.com\/en\/wp-json\/wp\/v2\/media\/31179"}],"wp:attachment":[{"href":"https:\/\/www.galerie-scrapbooking.com\/en\/wp-json\/wp\/v2\/media?parent=31176"}],"wp:term":[{"taxonomy":"product_brand","embeddable":true,"href":"https:\/\/www.galerie-scrapbooking.com\/en\/wp-json\/wp\/v2\/product_brand?post=31176"},{"taxonomy":"product_cat","embeddable":true,"href":"https:\/\/www.galerie-scrapbooking.com\/en\/wp-json\/wp\/v2\/product_cat?post=31176"},{"taxonomy":"product_tag","embeddable":true,"href":"https:\/\/www.galerie-scrapbooking.com\/en\/wp-json\/wp\/v2\/product_tag?post=31176"}],"curies":[{"name":"wp","href":"https:\/\/api.w.org\/{rel}","templated":true}]}}